{"id":885,"date":"2023-06-07T13:31:06","date_gmt":"2023-06-07T12:31:06","guid":{"rendered":"https:\/\/www.eudel.eus\/destacados\/udalak\/?page_id=885"},"modified":"2023-06-23T13:51:40","modified_gmt":"2023-06-23T12:51:40","slug":"donostia","status":"publish","type":"page","link":"https:\/\/www.eudel.eus\/destacados\/udalak\/donostia\/","title":{"rendered":"Donostia"},"content":{"rendered":"<p>[vc_row][vc_column width=\u00bb2\/3&#8243;][vc_video link=\u00bbhttps:\/\/www.youtube.com\/watch?v=IlFdzJ_piOQ\u00bb title=\u00bbVideo de la jornada\u00bb][\/vc_column][vc_column width=\u00bb1\/3&#8243;][vc_text_separator title=\u00bbMATERIALES DE LA JORNADA\u00bb i_type=\u00bbmaterial\u00bb i_icon_material=\u00bbvc-material vc-material-library_books\u00bb add_icon=\u00bbtrue\u00bb][vc_column_text]<strong>MATERIALES DE LA JORNADA<\/strong>[\/vc_column_text][vc_btn title=\u00bbPRESENTACI\u00d3N\u00bb color=\u00bbprimary\u00bb link=\u00bburl:https%3A%2F%2Fwww.eudel.eus%2Fdestacados%2Fudalak%2Ffiles%2F2023%2F06%2FPPT_Jornadas_JUNIO-2023-ELECTOS-LOCALES-cas.pptx|||\u00bb][vc_column_text]<strong>Gu\u00eda pr\u00e1ctica para la toma de decisiones en materia de organizaci\u00f3n de los ayuntamientos de Euskadi<\/strong>[\/vc_column_text][vc_btn title=\u00bbDESCARGAR GU\u00cdA\u00bb color=\u00bbprimary\u00bb link=\u00bburl:https%3A%2F%2Feudel.eus%2Fes%2Ffile%2Fdocumentos_ficheros%2FCARGOS-ELECTOS-2023-2027.pdf|||\u00bb][\/vc_column][\/vc_row]<\/p>","protected":false},"excerpt":{"rendered":"<p>[vc_row][vc_column width=\u00bb2\/3&#8243;][vc_video link=\u00bbhttps:\/\/www.youtube.com\/watch?v=IlFdzJ_piOQ\u00bb title=\u00bbVideo de la jornada\u00bb][\/vc_column][vc_column width=\u00bb1\/3&#8243;][vc_text_separator title=\u00bbMATERIALES DE LA JORNADA\u00bb i_type=\u00bbmaterial\u00bb i_icon_material=\u00bbvc-material vc-material-library_books\u00bb add_icon=\u00bbtrue\u00bb][vc_column_text]MATERIALES DE LA JORNADA[\/vc_column_text][vc_btn title=\u00bbPRESENTACI\u00d3N\u00bb color=\u00bbprimary\u00bb link=\u00bburl:https%3A%2F%2Fwww.eudel.eus%2Fdestacados%2Fudalak%2Ffiles%2F2023%2F06%2FPPT_Jornadas_JUNIO-2023-ELECTOS-LOCALES-cas.pptx|||\u00bb][vc_column_text]Gu\u00eda pr\u00e1ctica para la toma de decisiones en materia de organizaci\u00f3n de los ayuntamientos de Euskadi[\/vc_column_text][vc_btn title=\u00bbDESCARGAR GU\u00cdA\u00bb color=\u00bbprimary\u00bb link=\u00bburl:https%3A%2F%2Feudel.eus%2Fes%2Ffile%2Fdocumentos_ficheros%2FCARGOS-ELECTOS-2023-2027.pdf|||\u00bb][\/vc_column][\/vc_row]<\/p>\n","protected":false},"author":8,"featured_media":0,"parent":0,"menu_order":0,"comment_status":"closed","ping_status":"closed","template":"page-blocks.php","meta":{"footnotes":""},"_links":{"self":[{"href":"https:\/\/www.eudel.eus\/destacados\/udalak\/wp-json\/wp\/v2\/pages\/885"}],"collection":[{"href":"https:\/\/www.eudel.eus\/destacados\/udalak\/wp-json\/wp\/v2\/pages"}],"about":[{"href":"https:\/\/www.eudel.eus\/destacados\/udalak\/wp-json\/wp\/v2\/types\/page"}],"author":[{"embeddable":true,"href":"https:\/\/www.eudel.eus\/destacados\/udalak\/wp-json\/wp\/v2\/users\/8"}],"replies":[{"embeddable":true,"href":"https:\/\/www.eudel.eus\/destacados\/udalak\/wp-json\/wp\/v2\/comments?post=885"}],"version-history":[{"count":10,"href":"https:\/\/www.eudel.eus\/destacados\/udalak\/wp-json\/wp\/v2\/pages\/885\/revisions"}],"predecessor-version":[{"id":1209,"href":"https:\/\/www.eudel.eus\/destacados\/udalak\/wp-json\/wp\/v2\/pages\/885\/revisions\/1209"}],"wp:attachment":[{"href":"https:\/\/www.eudel.eus\/destacados\/udalak\/wp-json\/wp\/v2\/media?parent=885"}],"curies":[{"name":"wp","href":"https:\/\/api.w.org\/{rel}","templated":true}]}}