{"id":402,"date":"2023-05-02T12:08:53","date_gmt":"2023-05-02T11:08:53","guid":{"rendered":"https:\/\/www.eudel.eus\/destacados\/udalak\/?page_id=402"},"modified":"2023-07-03T12:57:57","modified_gmt":"2023-07-03T11:57:57","slug":"intro","status":"publish","type":"page","link":"https:\/\/www.eudel.eus\/destacados\/udalak\/","title":{"rendered":"Las primeras decisiones de los Ayuntamientos"},"content":{"rendered":"<p>[vc_row 0=\u00bb\u00bb][vc_column 0=\u00bb\u00bb][vc_single_image image=\u00bb519&#8243; img_size=\u00bbfull\u00bb][\/vc_column][\/vc_row][vc_row 0=\u00bb\u00bb][vc_column 0=\u00bb\u00bb][vc_column_text 0=\u00bb\u00bb]Mediante estas jornadas se pretende dotar a los nuevos cargos electos municipales de una serie de conocimientos que les ayuden a adoptar las primeras decisiones en materia de organizaci\u00f3n en las sesiones plenarias a celebrar tras la constituci\u00f3n de los Ayuntamientos para el mandato 2023-2027.[\/vc_column_text][\/vc_column][\/vc_row][vc_row][vc_column width=\u00bb3\/4&#8243;][vc_column_text]Se abordar\u00e1n, entre otros, los siguientes temas:<\/p>\n<ul>\n<li>Periodicidad de las sesiones ordinarias de Pleno<\/li>\n<li>Comisiones Informativas<\/li>\n<li>R\u00e9gimen de dedicaciones y sus retribuciones<\/li>\n<li>R\u00e9gimen de pagos en concepto de asistencias e indemnizaciones<\/li>\n<li>Asignaciones a grupos municipales<\/li>\n<li>Personal eventual<\/li>\n<li>Nombramiento de representantes del Ayuntamiento en otros organismos<\/li>\n<\/ul>\n<p>[\/vc_column_text][\/vc_column][vc_column width=\u00bb1\/4&#8243;][vc_btn title=\u00bbDESCARGAR FOLLETO\u00bb color=\u00bbprimary\u00bb link=\u00bburl:https%3A%2F%2Fwww.eudel.eus%2Fdestacados%2Fudalak%2Ffiles%2F2023%2F05%2FPrograma-EUDEL-Acogida-Jornadas-cas.pdf|||\u00bb][vc_column_text]<strong>Gu\u00eda pr\u00e1ctica para la toma de decisiones en materia de organizaci\u00f3n de los ayuntamientos de Euskadi<\/strong>[\/vc_column_text][vc_btn title=\u00bbDESCARGAR GU\u00cdA\u00bb color=\u00bbprimary\u00bb link=\u00bburl:https%3A%2F%2Feudel.eus%2Fes%2Ffile%2Fdocumentos_ficheros%2FCARGOS-ELECTOS-2023-2027.pdf|||\u00bb][\/vc_column][\/vc_row][vc_row css_animation=\u00bbslideInLeft\u00bb css=\u00bb.vc_custom_1683041415749{margin-bottom: 30px !important;padding-top: 20px !important;padding-right: 20px !important;padding-bottom: 20px !important;padding-left: 20px !important;background-color: #83a3bf !important;border-radius: 10px !important;}\u00bb][vc_column][vc_text_separator title=\u00bbGIPUZKOA 20 DE JUNIO\u00bb][vc_row_inner][vc_column_inner width=\u00bb2\/4&#8243;][vc_text_separator title=\u00bbLugar\u00bb][vc_column_text]<strong>Donostia\/San Sebasti\u00e1n:<\/strong><br \/>\nKursaal, sala 10 (Zurriola hiribidea, 1)<\/p>\n<p>9:30 \u2013 13:00 h (pausa caf\u00e9)[\/vc_column_text][\/vc_column_inner][vc_column_inner width=\u00bb1\/4&#8243;][vc_text_separator title=\u00bbPonente\u00bb][vc_column_text]<strong>Bego\u00f1a Garmendia V\u00e1zquez<\/strong><br \/>\nSecretaria. Ayuntamiento de Tolosa[\/vc_column_text][\/vc_column_inner][vc_column_inner width=\u00bb1\/4&#8243;][vc_text_separator title=\u00bbInscripci\u00f3n\u00bb][vc_btn title=\u00bbVIDEO Y MATERIALES DE LA SESI\u00d3N\u00bb align=\u00bbcenter\u00bb link=\u00bburl:https%3A%2F%2Fwww.eudel.eus%2Fdestacados%2Fudalak%2Fdonostia%2F|||\u00bb][\/vc_column_inner][\/vc_row_inner][\/vc_column][\/vc_row][vc_row css_animation=\u00bbslideInLeft\u00bb css=\u00bb.vc_custom_1683622044814{margin-bottom: 30px !important;padding-top: 20px !important;padding-right: 20px !important;padding-bottom: 20px !important;padding-left: 20px !important;background-color: #8bc990 !important;border-radius: 10px !important;}\u00bb][vc_column][vc_text_separator title=\u00bb\u00c1LAVA\/ARABA 21 DE JUNIO\u00bb][vc_row_inner][vc_column_inner width=\u00bb2\/4&#8243;][vc_text_separator title=\u00bbLugar\u00bb][vc_column_text]<strong>Vitoria-Gasteiz:\u00a0<\/strong>Palacio de Congresos Europa, sala Green<br \/>\n(Avda. Gasteiz 85)<\/p>\n<p>9:30 \u2013 13:00 h (pausa caf\u00e9)[\/vc_column_text][\/vc_column_inner][vc_column_inner width=\u00bb1\/4&#8243;][vc_text_separator title=\u00bbPonente\u00bb][vc_column_text]<b>M\u00aa Aranzazu Lili Salazar<br \/>\n<\/b>Secretaria. Ayuntamiento de Laudio\/Llodio[\/vc_column_text][\/vc_column_inner][vc_column_inner width=\u00bb1\/4&#8243;][vc_text_separator title=\u00bbInscripci\u00f3n\u00bb][vc_btn title=\u00bbVIDEO Y MATERIALES DE LA SESI\u00d3N\u00bb align=\u00bbcenter\u00bb link=\u00bburl:https%3A%2F%2Fwww.eudel.eus%2Fdestacados%2Fudalak%2Fvitoria-gasteiz%2F|||\u00bb][\/vc_column_inner][\/vc_row_inner][\/vc_column][\/vc_row][vc_row css_animation=\u00bbslideInLeft\u00bb css=\u00bb.vc_custom_1683623930882{margin-bottom: 30px !important;padding-top: 20px !important;padding-right: 20px !important;padding-bottom: 20px !important;padding-left: 20px !important;background-color: #b7756c !important;border-radius: 10px !important;}\u00bb][vc_column][vc_text_separator title=\u00bbBIZKAIA 22 DE JUNIO\u00bb][vc_row_inner][vc_column_inner width=\u00bb2\/4&#8243;][vc_text_separator title=\u00bbLugar\u00bb][vc_column_text]<strong>Bilbao:<\/strong><br \/>\nArchivo Hist\u00f3rico Foral (M\u00aa D\u00edaz de Haro 11)<\/p>\n<p>9:30 \u2013 13:00 h (pausa caf\u00e9)[\/vc_column_text][\/vc_column_inner][vc_column_inner width=\u00bb1\/4&#8243;][vc_text_separator title=\u00bbPonente\u00bb][vc_column_text]<strong>Ignacio Javier Etxebarria Etxeita<\/strong><br \/>\nSecretario. Ayuntamiento de Getxo[\/vc_column_text][\/vc_column_inner][vc_column_inner width=\u00bb1\/4&#8243;][vc_text_separator title=\u00bbInscripci\u00f3n\u00bb][vc_btn title=\u00bbVIDEO Y MATERIALES DE LA SESI\u00d3N\u00bb align=\u00bbcenter\u00bb link=\u00bburl:https%3A%2F%2Fwww.eudel.eus%2Fdestacados%2Fudalak%2Fbilbo%2F|||\u00bb][\/vc_column_inner][\/vc_row_inner][\/vc_column][\/vc_row][vc_row][vc_column][vc_column_text]<strong>PERSONAS DESTINATARIAS<\/strong><\/p>\n<p>\u25b6 Alcaldesas y Alcaldes<br \/>\n\u25b6 Concejalas y Concejales<br \/>\n\u25b6 Asesoras y Asesores[\/vc_column_text][\/vc_column][\/vc_row][vc_row][vc_column][vc_column_text]<strong>INFORMACI\u00d3N, FECHA DE INSCRIPCI\u00d3N<\/strong><\/p>\n<p>Asistencia gratuita. Aforo limitado. Se respetar\u00e1 el orden de inscripci\u00f3n.<\/p>\n<p>Fecha l\u00edmite de inscripci\u00f3n: 15 junio de 2023<\/p>\n<p>EUDEL se reserva el derecho a modificar el programa y a no realizar la formaci\u00f3n en caso de no contar con inscripciones suficientes. Ambos supuestos ser\u00edan comunicados con la mayor antelaci\u00f3n posible.[\/vc_column_text][\/vc_column][\/vc_row]<\/p>","protected":false},"excerpt":{"rendered":"<p>[vc_row 0=\u00bb\u00bb][vc_column 0=\u00bb\u00bb][vc_single_image image=\u00bb519&#8243; img_size=\u00bbfull\u00bb][\/vc_column][\/vc_row][vc_row 0=\u00bb\u00bb][vc_column 0=\u00bb\u00bb][vc_column_text 0=\u00bb\u00bb]Mediante estas jornadas se pretende dotar a los nuevos cargos electos municipales de una serie de conocimientos que les ayuden a adoptar las primeras decisiones en materia de organizaci\u00f3n en las sesiones plenarias a celebrar tras la constituci\u00f3n de los Ayuntamientos para el mandato 2023-2027.[\/vc_column_text][\/vc_column][\/vc_row][vc_row][vc_column width=\u00bb3\/4&#8243;][vc_column_text]Se abordar\u00e1n, entre<\/p>\n","protected":false},"author":8,"featured_media":0,"parent":0,"menu_order":0,"comment_status":"closed","ping_status":"closed","template":"page-blocks.php","meta":{"footnotes":""},"_links":{"self":[{"href":"https:\/\/www.eudel.eus\/destacados\/udalak\/wp-json\/wp\/v2\/pages\/402"}],"collection":[{"href":"https:\/\/www.eudel.eus\/destacados\/udalak\/wp-json\/wp\/v2\/pages"}],"about":[{"href":"https:\/\/www.eudel.eus\/destacados\/udalak\/wp-json\/wp\/v2\/types\/page"}],"author":[{"embeddable":true,"href":"https:\/\/www.eudel.eus\/destacados\/udalak\/wp-json\/wp\/v2\/users\/8"}],"replies":[{"embeddable":true,"href":"https:\/\/www.eudel.eus\/destacados\/udalak\/wp-json\/wp\/v2\/comments?post=402"}],"version-history":[{"count":64,"href":"https:\/\/www.eudel.eus\/destacados\/udalak\/wp-json\/wp\/v2\/pages\/402\/revisions"}],"predecessor-version":[{"id":1229,"href":"https:\/\/www.eudel.eus\/destacados\/udalak\/wp-json\/wp\/v2\/pages\/402\/revisions\/1229"}],"wp:attachment":[{"href":"https:\/\/www.eudel.eus\/destacados\/udalak\/wp-json\/wp\/v2\/media?parent=402"}],"curies":[{"name":"wp","href":"https:\/\/api.w.org\/{rel}","templated":true}]}}