{"id":33,"date":"2024-10-02T12:06:32","date_gmt":"2024-10-02T12:06:32","guid":{"rendered":"https:\/\/www.eudel.eus\/destacados\/25n\/?page_id=33"},"modified":"2024-10-09T09:47:52","modified_gmt":"2024-10-09T09:47:52","slug":"hasiera","status":"publish","type":"page","link":"https:\/\/www.eudel.eus\/destacados\/puntolila\/","title":{"rendered":"hasiera"},"content":{"rendered":"<p>[vc_row][vc_column][vc_column_text]<\/p>\n<h1>PUNTO LILA<\/h1>\n<p>[\/vc_column_text][vc_row_inner][vc_column_inner width=\u00bb1\/4&#8243;][vc_single_image image=\u00bb36&#8243; img_size=\u00bbmedium\u00bb][\/vc_column_inner][vc_column_inner width=\u00bb3\/4&#8243;][vc_column_text]En 2008, EUDEL cre\u00f3 el PUNTO LILA como una acci\u00f3n sincronizada en todos los Municipios Vascos en el marco de la campa\u00f1a del 25 de Noviembre y, tras casi casi veinte d\u00e9cadas de historia, se ha convertido en un <strong>s\u00edmbolo global<\/strong> contra la violencia machista.<\/p>\n<p>Con motivo del pr\u00f3ximo\u00a025 de noviembre, D\u00eda Internacional contra la Violencia hacia las Mujeres, EUDEL invita a los Ayuntamientos Vascos a usar el PUNTO LILA y a animar a su ciudadan\u00eda a difundirlo y compartirlo en cada barrio, calle, escaparate o ventana. Como muestra de su rechazo hacia la violencia y tambi\u00e9n de <strong>solidaridad y compromiso de toda la comunidad<\/strong> para apoyar a las mujeres que enfrentan violencia en su municipio.<\/p>\n<p>Un a\u00f1o m\u00e1s, EUDEL seguir\u00e1 apoyando todas las iniciativas locales para extender el uso del punto lila en el espacio p\u00fablico, empezando por los propios edificios municipales, as\u00ed como en webs y canales digitales, especialmente con la colaboraci\u00f3n e implicaci\u00f3n de la juventud. Un \u201cc\u00edrculo\u201d que debe completarse, poniendo al alcance de vecinos y vecinas la informaci\u00f3n pr\u00e1ctica sobre los recursos locales a los que dirigirse o acompa\u00f1ar a las mujeres que est\u00e1n en estas situaciones.[\/vc_column_text][\/vc_column_inner][\/vc_row_inner][\/vc_column][\/vc_row][vc_row][vc_column][vc_column_text]<\/p>\n<div class=\"recuadromasinfo\"><\/div>\n<div class=\"recuadromasinfo\">\n<div style=\"text-align: left;\" align=\"center\"><strong>Desc\u00e1rgate el punto lila:<\/strong><\/div>\n<\/div>\n<ul>\n<li><strong><a href=\"https:\/\/www.eudel.eus\/destacados\/puntolila\/files\/2024\/10\/puntu_lila_cas_eus.pdf\">PUNTO LILA<\/a><\/strong> (pdf, 7 KB)<\/li>\n<li><strong><a href=\"https:\/\/www.eudel.eus\/destacados\/puntolila\/files\/2024\/10\/punto-lila.jpg\">PUNTO LILA<\/a><\/strong> (jpg, 33 KB)<\/li>\n<li><strong><a href=\"https:\/\/www.eudel.eus\/destacados\/puntolila\/files\/2024\/10\/etiquetas_punto_lila.doc\">PEGATINAS-ETIQUETAS<\/a><\/strong> Ref. APLI Ref. 01276 70\u00d742,4 mm. A4, 21 Etiquetas (doc, 60 KB)<\/li>\n<li><strong><a href=\"https:\/\/www.eudel.eus\/destacados\/puntolila\/files\/2024\/10\/MANUAL_PUNTO_LILA.pdf\">Manual del punto lila<\/a><\/strong> (pdf, 1 MB)<\/li>\n<\/ul>\n<p>[\/vc_column_text][\/vc_column][\/vc_row]<\/p>","protected":false},"excerpt":{"rendered":"<p>[vc_row][vc_column][vc_column_text] PUNTO LILA [\/vc_column_text][vc_row_inner][vc_column_inner width=\u00bb1\/4&#8243;][vc_single_image image=\u00bb36&#8243; img_size=\u00bbmedium\u00bb][\/vc_column_inner][vc_column_inner width=\u00bb3\/4&#8243;][vc_column_text]En 2008, EUDEL cre\u00f3 el PUNTO LILA como una acci\u00f3n sincronizada en todos los Municipios Vascos en el marco de la campa\u00f1a del 25 de Noviembre y, tras casi casi veinte d\u00e9cadas de historia, se ha convertido en un s\u00edmbolo global contra la violencia machista. Con motivo del<\/p>\n","protected":false},"author":8,"featured_media":0,"parent":0,"menu_order":0,"comment_status":"closed","ping_status":"closed","template":"page-blocks.php","meta":{"footnotes":""},"_links":{"self":[{"href":"https:\/\/www.eudel.eus\/destacados\/puntolila\/wp-json\/wp\/v2\/pages\/33"}],"collection":[{"href":"https:\/\/www.eudel.eus\/destacados\/puntolila\/wp-json\/wp\/v2\/pages"}],"about":[{"href":"https:\/\/www.eudel.eus\/destacados\/puntolila\/wp-json\/wp\/v2\/types\/page"}],"author":[{"embeddable":true,"href":"https:\/\/www.eudel.eus\/destacados\/puntolila\/wp-json\/wp\/v2\/users\/8"}],"replies":[{"embeddable":true,"href":"https:\/\/www.eudel.eus\/destacados\/puntolila\/wp-json\/wp\/v2\/comments?post=33"}],"version-history":[{"count":9,"href":"https:\/\/www.eudel.eus\/destacados\/puntolila\/wp-json\/wp\/v2\/pages\/33\/revisions"}],"predecessor-version":[{"id":53,"href":"https:\/\/www.eudel.eus\/destacados\/puntolila\/wp-json\/wp\/v2\/pages\/33\/revisions\/53"}],"wp:attachment":[{"href":"https:\/\/www.eudel.eus\/destacados\/puntolila\/wp-json\/wp\/v2\/media?parent=33"}],"curies":[{"name":"wp","href":"https:\/\/api.w.org\/{rel}","templated":true}]}}