{"id":111,"date":"2025-10-23T15:32:32","date_gmt":"2025-10-23T15:32:32","guid":{"rendered":"https:\/\/www.eudel.eus\/destacados\/ods-agenda2030\/?page_id=111"},"modified":"2025-10-27T09:22:13","modified_gmt":"2025-10-27T09:22:13","slug":"txantilioiak","status":"publish","type":"page","link":"https:\/\/www.eudel.eus\/destacados\/ods-agenda2030\/txantilioiak\/","title":{"rendered":"Txantilioiak"},"content":{"rendered":"<p>[vc_row][vc_column][vc_column_text]<\/p>\n<h2><strong>Nuevas herramientas para comunicar la inversi\u00f3n\/acci\u00f3n municipal en los 18 ODS <\/strong><\/h2>\n<p>[\/vc_column_text][vc_column_text]EUDEL pone a disposici\u00f3n de los ayuntamientos un conjunto de herramientas pr\u00e1cticas para comunicar la <strong>inversi\u00f3n y la acci\u00f3n<\/strong> <strong>municipal <\/strong>en materia de Objetivos de Desarrollo Sostenible (ODS). El objetivo es facilitar que las entidades locales puedan sensibilizar y empoderar a la ciudadan\u00eda en el cumplimiento de las metas de la Agenda 2030 en sus municipios, especialmente en el \u00e1mbito de la cohesi\u00f3n social, la sostenibilidad econ\u00f3mica-ambiental, <strong>el gobierno abierto y la calidad democr\u00e1tica<\/strong>.<\/p>\n<p>El paquete de herramientas, elaborado en colaboraci\u00f3n con un grupo de ayuntamientos con experiencia previa \u2014<strong>Amurrio, Azkoitia, Ermua, Leioa, Tolosa, Zarautz y la Cuadrilla de Rioja Alavesa<\/strong>\u2014, se compone de <strong>modelos de gr\u00e1ficos e informes adaptables<\/strong> para que cada municipio, sea cual sea su tama\u00f1o o recursos, pueda comunicar su compromiso con el desarrollo sostenible desde su propia realidad local.<\/p>\n<p><strong>Comunicaci\u00f3n del presupuesto, rendici\u00f3n de cuentas y contribuci\u00f3n ODS<\/strong><\/p>\n<p>Estas herramientas se han desarrollado a partir de la <a href=\"https:\/\/www.eudel.eus\/destacados\/ods-agenda2030\/gidapraktikoa\/\"><em>Gu\u00eda pr\u00e1ctica<\/em><\/a><em> para iniciarse en el alineamiento del presupuesto municipal con los ODS,<\/em> que fue actualizada por EUDEL en septiembre de 2024. Este documento constituye el punto de partida de este nuevo conjunto de materiales.<\/p>\n<p>Las cuatro nuevas herramientas son:[\/vc_column_text][vc_row_inner][vc_column_inner width=\u00bb1\/4&#8243;][vc_column_text]<\/p>\n<p style=\"text-align: center;\"><strong>Documento de instrucciones con indicadores<\/strong><\/p>\n<p>[\/vc_column_text][vc_single_image image=\u00bb113&#8243; alignment=\u00bbcenter\u00bb][vc_btn title=\u00bbDESCARGAR\u00bb align=\u00bbcenter\u00bb link=\u00bburl:https%3A%2F%2Fwww.eudel.eus%2Fdestacados%2Fods-agenda2030%2Ffiles%2F2025%2F10%2F00-EXPLICACION-Y-ANEXO-INDICADORES.pptx|||\u00bb][\/vc_column_inner][vc_column_inner width=\u00bb1\/6&#8243;][vc_column_text]<\/p>\n<p style=\"text-align: center;\"><strong>1- Presupuestos en lenguaje claro<\/strong><\/p>\n<p>[\/vc_column_text][vc_single_image image=\u00bb120&#8243; alignment=\u00bbcenter\u00bb][vc_btn title=\u00bbDESCARGAR\u00bb align=\u00bbcenter\u00bb link=\u00bburl:https%3A%2F%2Fwww.eudel.eus%2Fdestacados%2Fods-agenda2030%2Ffiles%2F2025%2F10%2F01-PRESUPUESTO.pptx|||\u00bb][\/vc_column_inner][vc_column_inner width=\u00bb1\/6&#8243;][vc_column_text]<\/p>\n<p style=\"text-align: center;\"><strong>2- Resumen del cierre presupuestario<\/strong><\/p>\n<p>[\/vc_column_text][vc_single_image image=\u00bb121&#8243; alignment=\u00bbcenter\u00bb][vc_btn title=\u00bbDESCARGAR\u00bb align=\u00bbcenter\u00bb link=\u00bburl:https%3A%2F%2Fwww.eudel.eus%2Fdestacados%2Fods-agenda2030%2Ffiles%2F2025%2F10%2F02-CIERRE-PRESUPUESTARIO.pptx|||\u00bb][\/vc_column_inner][vc_column_inner width=\u00bb1\/6&#8243;][vc_column_text]<\/p>\n<p style=\"text-align: center;\"><strong>3- Informes de rendici\u00f3n de cuentas<\/strong><\/p>\n<p>[\/vc_column_text][vc_single_image image=\u00bb124&#8243; alignment=\u00bbcenter\u00bb][vc_btn title=\u00bbDESCARGAR\u00bb align=\u00bbcenter\u00bb link=\u00bburl:https%3A%2F%2Fwww.eudel.eus%2Fdestacados%2Fods-agenda2030%2Ffiles%2F2025%2F10%2F03-INFORME-DE-RENDICIO%CC%81N-DE-CUENTAS.pptx|||\u00bb][\/vc_column_inner][vc_column_inner width=\u00bb1\/6&#8243;][vc_column_text]<\/p>\n<p style=\"text-align: center;\"><strong>4- Informe de contribuci\u00f3n a la Agenda 2030<\/strong><\/p>\n<p>[\/vc_column_text][vc_single_image image=\u00bb126&#8243; alignment=\u00bbcenter\u00bb][vc_btn title=\u00bbDESCARGAR\u00bb align=\u00bbcenter\u00bb link=\u00bburl:https%3A%2F%2Fwww.eudel.eus%2Fdestacados%2Fods-agenda2030%2Ffiles%2F2025%2F10%2F04-INFORME-DE-CONTRIBUCIO%CC%81N-A-LA-A2030-Y-LOS-ODS.pptx|||\u00bb][\/vc_column_inner][\/vc_row_inner][\/vc_column][\/vc_row]<\/p>","protected":false},"excerpt":{"rendered":"<p>[vc_row][vc_column][vc_column_text] Nuevas herramientas para comunicar la inversi\u00f3n\/acci\u00f3n municipal en los 18 ODS [\/vc_column_text][vc_column_text]EUDEL pone a disposici\u00f3n de los ayuntamientos un conjunto de herramientas pr\u00e1cticas para comunicar la inversi\u00f3n y la acci\u00f3n municipal en materia de Objetivos de Desarrollo Sostenible (ODS). El objetivo es facilitar que las entidades locales puedan sensibilizar y empoderar a la ciudadan\u00eda<\/p>\n","protected":false},"author":8,"featured_media":0,"parent":0,"menu_order":0,"comment_status":"closed","ping_status":"closed","template":"page-blocks.php","meta":{"footnotes":""},"_links":{"self":[{"href":"https:\/\/www.eudel.eus\/destacados\/ods-agenda2030\/wp-json\/wp\/v2\/pages\/111"}],"collection":[{"href":"https:\/\/www.eudel.eus\/destacados\/ods-agenda2030\/wp-json\/wp\/v2\/pages"}],"about":[{"href":"https:\/\/www.eudel.eus\/destacados\/ods-agenda2030\/wp-json\/wp\/v2\/types\/page"}],"author":[{"embeddable":true,"href":"https:\/\/www.eudel.eus\/destacados\/ods-agenda2030\/wp-json\/wp\/v2\/users\/8"}],"replies":[{"embeddable":true,"href":"https:\/\/www.eudel.eus\/destacados\/ods-agenda2030\/wp-json\/wp\/v2\/comments?post=111"}],"version-history":[{"count":12,"href":"https:\/\/www.eudel.eus\/destacados\/ods-agenda2030\/wp-json\/wp\/v2\/pages\/111\/revisions"}],"predecessor-version":[{"id":145,"href":"https:\/\/www.eudel.eus\/destacados\/ods-agenda2030\/wp-json\/wp\/v2\/pages\/111\/revisions\/145"}],"wp:attachment":[{"href":"https:\/\/www.eudel.eus\/destacados\/ods-agenda2030\/wp-json\/wp\/v2\/media?parent=111"}],"curies":[{"name":"wp","href":"https:\/\/api.w.org\/{rel}","templated":true}]}}