{"id":101,"date":"2024-12-26T10:34:36","date_gmt":"2024-12-26T10:34:36","guid":{"rendered":"https:\/\/www.eudel.eus\/destacados\/direccionpublicalocal\/?page_id=101"},"modified":"2024-12-26T12:28:56","modified_gmt":"2024-12-26T12:28:56","slug":"hasiera","status":"publish","type":"page","link":"https:\/\/www.eudel.eus\/destacados\/harreraehundu\/","title":{"rendered":"Hasiera"},"content":{"rendered":"<p>[vc_row][vc_column][vc_column_text]<\/p>\n<h2>\u201cHARRERA EHUNDU. Manual para dise\u00f1ar pol\u00edticas de acogida a personas extranjeras en Euskadi\u201d<\/h2>\n<p>&nbsp;<\/p>\n<p>El Manual ha sido impulsado por EUDEL, en colaboraci\u00f3n con el Gobierno Vasco (Departamento de Bienestar, Juventud y Reto Demogr\u00e1fico). Este documento incluye los pasos a seguir para crear protocolos y servicios municipales de acogida (\u201charreragunes\u201d), destinados a la integraci\u00f3n social y comunitaria de la poblaci\u00f3n migrante.<\/p>\n<p>Esta gu\u00eda es fruto del trabajo conjunto de <strong>19 ayuntamientos y mancomunidades<\/strong>, cuenta con la participaci\u00f3n del personal t\u00e9cnico y el asesoramiento de Biltzen, servicio vasco de integraci\u00f3n y convivencia intercultural. En \u00e9l se proponen principios clave, como la responsabilidad p\u00fablica y el enfoque comunitario, que destacan la necesidad de una acogida integral y humana, en l\u00ednea con los derechos de las personas migrantes.<\/p>\n<p>El objetivo es acompa\u00f1ar desde los Ayuntamientos a las nuevas vecinas y vecinos en su acceso a los diversos tr\u00e1mites y servicios\/sistemas (padr\u00f3n, salud, servicios sociales, aprendizaje de idiomas, educaci\u00f3n, empleo\u2026), garantizando sus derechos de \u201cciudadan\u00eda plena\u201d.<\/p>\n<p>Jornada de presentaci\u00f3n 30\/10\/2024: <a href=\"https:\/\/noticias.eudel.eus\/noticia\/euskadi-aitzindari-udalerrietan-tokiko-harrera-politikak-hedatzen\/\">https:\/\/noticias.eudel.eus\/noticia\/euskadi-aitzindari-udalerrietan-tokiko-harrera-politikak-hedatzen\/<\/a>[\/vc_column_text][\/vc_column][\/vc_row][vc_row][vc_column width=\u00bb1\/2&#8243;][vc_single_image image=\u00bb106&#8243; img_size=\u00bbmedium\u00bb alignment=\u00bbcenter\u00bb onclick=\u00bbcustom_link\u00bb link=\u00bbhttps:\/\/eudel.eus\/es\/file\/libro_ficheros\/manual_para_disenar_politicas_locales_de_acogida_a_personas_extranjeras_en_euskadi\u00bb][vc_column_text]<\/p>\n<p style=\"text-align: center;\"><a href=\"https:\/\/eudel.eus\/es\/file\/libro_ficheros\/manual_para_disenar_politicas_locales_de_acogida_a_personas_extranjeras_en_euskadi\">DESCARGAR MANUAL<\/a><\/p>\n<p>[\/vc_column_text][\/vc_column][vc_column width=\u00bb1\/2&#8243;][vc_single_image image=\u00bb105&#8243; img_size=\u00bbmedium\u00bb alignment=\u00bbcenter\u00bb onclick=\u00bbcustom_link\u00bb link=\u00bbhttps:\/\/eudel.eus\/es\/file\/libro_ficheros\/manual_resumido_para_disenar_politicas_locales_de_acogida_a_personas_extranjeras_en_euskadi\u00bb][vc_column_text]<\/p>\n<p style=\"text-align: center;\"><a href=\"https:\/\/eudel.eus\/es\/file\/libro_ficheros\/manual_resumido_para_disenar_politicas_locales_de_acogida_a_personas_extranjeras_en_euskadi\">DESCARGAR MANUAL ABREVIADO<\/a><\/p>\n<p>[\/vc_column_text][\/vc_column][\/vc_row]<\/p>","protected":false},"excerpt":{"rendered":"<p>[vc_row][vc_column][vc_column_text] \u201cHARRERA EHUNDU. Manual para dise\u00f1ar pol\u00edticas de acogida a personas extranjeras en Euskadi\u201d &nbsp; El Manual ha sido impulsado por EUDEL, en colaboraci\u00f3n con el Gobierno Vasco (Departamento de Bienestar, Juventud y Reto Demogr\u00e1fico). Este documento incluye los pasos a seguir para crear protocolos y servicios municipales de acogida (\u201charreragunes\u201d), destinados a la integraci\u00f3n<\/p>\n","protected":false},"author":8,"featured_media":0,"parent":0,"menu_order":0,"comment_status":"closed","ping_status":"closed","template":"page-blocks.php","meta":{"footnotes":""},"_links":{"self":[{"href":"https:\/\/www.eudel.eus\/destacados\/harreraehundu\/wp-json\/wp\/v2\/pages\/101"}],"collection":[{"href":"https:\/\/www.eudel.eus\/destacados\/harreraehundu\/wp-json\/wp\/v2\/pages"}],"about":[{"href":"https:\/\/www.eudel.eus\/destacados\/harreraehundu\/wp-json\/wp\/v2\/types\/page"}],"author":[{"embeddable":true,"href":"https:\/\/www.eudel.eus\/destacados\/harreraehundu\/wp-json\/wp\/v2\/users\/8"}],"replies":[{"embeddable":true,"href":"https:\/\/www.eudel.eus\/destacados\/harreraehundu\/wp-json\/wp\/v2\/comments?post=101"}],"version-history":[{"count":10,"href":"https:\/\/www.eudel.eus\/destacados\/harreraehundu\/wp-json\/wp\/v2\/pages\/101\/revisions"}],"predecessor-version":[{"id":118,"href":"https:\/\/www.eudel.eus\/destacados\/harreraehundu\/wp-json\/wp\/v2\/pages\/101\/revisions\/118"}],"wp:attachment":[{"href":"https:\/\/www.eudel.eus\/destacados\/harreraehundu\/wp-json\/wp\/v2\/media?parent=101"}],"curies":[{"name":"wp","href":"https:\/\/api.w.org\/{rel}","templated":true}]}}