{"id":38,"date":"2014-02-17T13:02:11","date_gmt":"2014-02-17T13:02:11","guid":{"rendered":"https:\/\/www.eudel.eus\/destacados\/derecholocal\/?page_id=38"},"modified":"2014-02-17T13:02:11","modified_gmt":"2014-02-17T13:02:11","slug":"inscripciones-y-certificado","status":"publish","type":"page","link":"https:\/\/www.eudel.eus\/destacados\/derecholocal\/inscripciones-y-certificado\/","title":{"rendered":"Inscripciones y certificado"},"content":{"rendered":"<p><\/p>\n<h4><span style=\"color: #008000;\">El plazo de inscripci\u00f3n finaliza el 14 de marzo<\/span><\/h4>\n<p><strong>Para la inscripci\u00f3n:<\/strong> <strong>cumplimentar <span style=\"color: #0000ff;\"><a href=\"https:\/\/www.eudel.eus\/destacados\/derecholocal\/files\/2014\/02\/inscripcion_seminario.pdf\"><span style=\"color: #0000ff;\">formulario de inscripci\u00f3n<\/span><\/a> adjunto.<\/span><\/strong><\/p>\n<div class=\"descargar derecha\"><a href='https:\/\/www.eudel.eus\/destacados\/derecholocal\/files\/2014\/02\/inscripcion_seminario.pdf'>Descargar<br \/>\nFormulario<\/a><\/div>\n<p>Una vez pulsado \u201cenviar\/bidali\u201d, los datos se enviar\u00e1n de manera autom\u00e1tica al IVAP. Si tuviese alg\u00fan problema con el env\u00edo autom\u00e1tico le rogamos reenv\u00ede el cuestionario cumplimentado al correo electr\u00f3nico del IVAP: <a href=\"mailto:prestakuntza@ivap.es\">prestakuntza@ivap.es<\/a><\/p>\n<p><strong>Pago matr\u00edcula<\/strong><\/p>\n<p>El precio de 200 euros comprende las cinco sesiones. La matr\u00edcula se abonar\u00e1 una vez confirmada la inscripci\u00f3n por parte del IVAP y se efectuar\u00e1 mediante transferencia bancaria al siguiente n\u00famero de cuenta:<\/p>\n<p style=\"text-align: center;\"><strong>2 0 9 5 . 0 6 1 1 . 0 9 . 3 2 3 0 0 0 3 1 9 9<\/strong><\/p>\n<p><strong>Certificado<\/strong><\/p>\n<p>El Instituto Vasco de la Administraci\u00f3n P\u00fablica (IVAP) emitir\u00e1 <strong>certificado<\/strong> de asistencia a quienes acudan al menos a<strong> 4 de las 5 sesiones<\/strong> de las que se compone el Seminario.<br \/>\nEn ning\u00fan caso IVAP certificar\u00e1 las asistencias a sesiones aisladas. En caso de no asistir a una sesi\u00f3n, se deber\u00e1 comunicar a Eudel. Se contempla la posibilidad de ceder la asistencia a otra persona de su entidad local, aportando sus datos.<\/p>\n<p><strong>EUDEL e IVAP se reservan el derecho a modificar el programa y a no realizar la formaci\u00f3n en caso de no contar con inscripciones suficientes. Ambos supuestos ser\u00edan comunicados con la mayor antelaci\u00f3n posible.<\/strong><\/p>","protected":false},"excerpt":{"rendered":"<p>El plazo de inscripci\u00f3n finaliza el 14 de marzo Para la inscripci\u00f3n: cumplimentar formulario de inscripci\u00f3n adjunto. Descargar Formulario Una vez pulsado \u201cenviar\/bidali\u201d, los datos se enviar\u00e1n de manera autom\u00e1tica al IVAP. Si tuviese alg\u00fan problema con el env\u00edo autom\u00e1tico le rogamos reenv\u00ede el cuestionario cumplimentado al correo electr\u00f3nico del IVAP: prestakuntza@ivap.es Pago matr\u00edcula El<\/p>\n","protected":false},"author":1,"featured_media":0,"parent":0,"menu_order":0,"comment_status":"open","ping_status":"open","template":"","meta":{"footnotes":""},"_links":{"self":[{"href":"https:\/\/www.eudel.eus\/destacados\/derecholocal\/wp-json\/wp\/v2\/pages\/38"}],"collection":[{"href":"https:\/\/www.eudel.eus\/destacados\/derecholocal\/wp-json\/wp\/v2\/pages"}],"about":[{"href":"https:\/\/www.eudel.eus\/destacados\/derecholocal\/wp-json\/wp\/v2\/types\/page"}],"author":[{"embeddable":true,"href":"https:\/\/www.eudel.eus\/destacados\/derecholocal\/wp-json\/wp\/v2\/users\/1"}],"replies":[{"embeddable":true,"href":"https:\/\/www.eudel.eus\/destacados\/derecholocal\/wp-json\/wp\/v2\/comments?post=38"}],"version-history":[{"count":1,"href":"https:\/\/www.eudel.eus\/destacados\/derecholocal\/wp-json\/wp\/v2\/pages\/38\/revisions"}],"predecessor-version":[{"id":40,"href":"https:\/\/www.eudel.eus\/destacados\/derecholocal\/wp-json\/wp\/v2\/pages\/38\/revisions\/40"}],"wp:attachment":[{"href":"https:\/\/www.eudel.eus\/destacados\/derecholocal\/wp-json\/wp\/v2\/media?parent=38"}],"curies":[{"name":"wp","href":"https:\/\/api.w.org\/{rel}","templated":true}]}}