{"id":560,"date":"2020-06-01T13:12:16","date_gmt":"2020-06-01T11:12:16","guid":{"rendered":"https:\/\/www.eudel.eus\/destacados\/covid19\/?page_id=560"},"modified":"2021-06-18T10:53:43","modified_gmt":"2021-06-18T08:53:43","slug":"desescalada","status":"publish","type":"page","link":"https:\/\/www.eudel.eus\/destacados\/covid19\/desescalada\/","title":{"rendered":"desescalada"},"content":{"rendered":"<p>[vc_row 0=\u00bb\u00bb][vc_column][vc_column_text 0=\u00bb\u00bb]<\/p>\n<h1>NUEVA NORMALIDAD Recomendaciones y\/o directrices para cada actividad o \u00e1mbito<\/h1>\n<ul>\n<li><a href=\"https:\/\/www.eudel.eus\/destacados\/covid19\/files\/2021\/06\/Directrices-elaboracion-protocolos-COVID.pdf\"><strong>Directrices de Salud P\u00fablica para la elaboraci\u00f3n de protocolos y planes espec\u00edficos dirigidos a prevenir la transmisi\u00f3n de la COVID-19<\/strong><\/a><\/li>\n<li><strong><a href=\"https:\/\/www.eudel.eus\/destacados\/covid19\/files\/2021\/06\/Directrices-gimnasios.pdf\">Directrices para prevenir la transmisi\u00f3n de la COVID-19 en gimnasios<\/a><\/strong><\/li>\n<li><strong><a href=\"https:\/\/www.eudel.eus\/destacados\/covid19\/files\/2021\/06\/ACTIVIDAD-F\u00cdSICA-Y-DEPORTE.-PREGUNTAS-Y-RESPUESTAS-02.06.21-.pdf\">Pautas para la actividad f\u00edsica y el deporte (02-06-2021)<\/a><\/strong><\/li>\n<li><a href=\"https:\/\/www.eudel.eus\/destacados\/covid19\/files\/2021\/06\/Doc_actualizado_de_preguntas_y_respuestas_1_de_junio.pdf\"><strong><u>Preguntas-respuesta medidas de protecci\u00f3n frente al coronavirus (01 junio)<\/u><\/strong><\/a><\/li>\n<li><b><\/b><a href=\"https:\/\/www.eudel.eus\/destacados\/covid19\/files\/2021\/05\/DEPORTE-ESCOLAR-NORMAS-GENERALES-ACTUACI\u00d3N-COVID-11.05.21.21.pdf\"><b>Pautas DEPORTE ESCOLAR (11-05-2021)<\/b><\/a><\/li>\n<li>\n<p class=\"xxmsonormal\" style=\"text-align: justify;\"><a href=\"https:\/\/www.eudel.eus\/destacados\/covid19\/files\/2021\/01\/Doc-actualizado-de-preguntas-y-respuestas-12-enero.pdf\">Decreto 1\/2021 de 12 de enero: \u00a0\u201c<strong>Respuestas a preguntas frecuentes.<\/strong> Medidas espec\u00edficas de prevenci\u00f3n ante el coronavirus\u201d<\/a><\/p>\n<\/li>\n<li><strong><a href=\"https:\/\/noticias.eudel.eus\/wp-content\/uploads\/2020\/11\/hosteleria_respuestas.pdf\">Documento respuestas Hosteler\u00eda (17\/11\/2020)<\/a><\/strong><\/li>\n<li><strong><a href=\"https:\/\/www.eudel.eus\/destacados\/covid19\/files\/2020\/07\/03072020-Medidas-hosteleria-nueva-normalidad.pdf\">\u201cMedidas de preventivas de aplicaci\u00f3n frente a la Covid-19 en establecimientos de hosteler\u00eda \u201d<\/a><\/strong><a href=\"https:\/\/www.eudel.eus\/destacados\/covid19\/files\/2020\/07\/03072020-Medidas-hosteleria-nueva-normalidad.pdf\">(Gobierno Vasco, 03\/07\/20)<\/a><\/li>\n<li>\n<p class=\"xmsonormal\"><strong><a href=\"https:\/\/www.eudel.eus\/destacados\/covid19\/files\/2020\/06\/RECOMENDACIONES-SANITARIAS-CENTROS-DE-PERSONAS-MAYORES.pdf\">Recomendaciones sanitarias para la vuelta a la actividad en los centros de personas mayores (23\/06\/2020)<\/a><\/strong><\/p>\n<\/li>\n<li><strong><a href=\"https:\/\/www.eudel.eus\/destacados\/covid19\/files\/2020\/06\/IGERILEKUEN-IRIZPIDE-BERRIAK_NUEVOS-CRITERIOS-PISCINAS.pdf\"><u>Actualizaci\u00f3n de 22 de junio<\/u> de los \u2018C<em>riterios sanitarios para la apertura y mantenimiento de las instalaciones de piscinas temporada 2020\u2019.<\/em><\/a><\/strong><\/li>\n<li><a href=\"https:\/\/www.eudel.eus\/destacados\/covid19\/files\/2020\/07\/PROTOKOLOAK-2020.07.24-Gomendioak-.pdf\"><b>Informaci\u00f3n sobre Protocolos para realizaci\u00f3n-organizaci\u00f3n EVENTOS DEPORTIVOS (Version 27 de julio)<\/b><\/a><\/li>\n<li><strong><a href=\"https:\/\/www.eudel.eus\/destacados\/covid19\/files\/2020\/06\/Gu\u00eda-Recomendaciones-Actividad-F\u00edsica-y-Deporte-24-junio.pdf\">Gu\u00eda de recomendaciones para una nueva normalidad en el \u00e1mbito de la actividad fisica y deportes (Version 24 junio)<\/a><\/strong><\/li>\n<li><strong><a href=\"https:\/\/www.eudel.eus\/destacados\/covid19\/files\/2020\/06\/20200602_100944.pdf\">Directrices sanitarias Elecciones al Parlamento Vasco 12J (Resolucion 1\/06\/2020)* Colegios y Locales Electorales<\/a><\/strong><\/li>\n<li><strong><a href=\"https:\/\/www.eudel.eus\/destacados\/covid19\/files\/2020\/06\/PLAYAS_recomendaciones29052020.pdf\">Recomendaciones sanitarias uso PLAYAS en Fase 2 (Actualizaci\u00f3n 29\/05\/20202)<\/a><\/strong><\/li>\n<li><strong><a href=\"https:\/\/www.eudel.eus\/destacados\/covid19\/files\/2020\/06\/CRITERIOS-SANITARIOS-PARA-LA-APERTURA-Y-MANTENIMIENTO-DE-LAS-INSTALACIONES-DE-PISCINAS-TEMPORADA-2020.pdf\">Criterios sanitarios para las instalaciones de PISCINAS Temporada 2020. Plan de Contingencia COVID-19. (27\/05\/2020)<\/a><\/strong><\/li>\n<li><strong><a href=\"https:\/\/www.eudel.eus\/destacados\/covid19\/files\/2020\/05\/CRITERIOS_TxokosSociedadesGastronomicas_cas.pdf\">Criterios sanitarios para Sociedades Gastron\u00f3micas y Txokos (25\/05\/2020)<\/a><\/strong><\/li>\n<li><strong><a href=\"https:\/\/www.eudel.eus\/destacados\/covid19\/files\/2020\/06\/Criterios-sanitarios-playas-COVID19.pdf\">Criterios sanitarios para playas y zonas de ba\u00f1o de la CAV \u00a0en situaci\u00f3n de pandemia por Covid-19 (20\/05\/2020)<\/a><\/strong><\/li>\n<li><strong><a href=\"CRITERIOS%20TERRAZAS%20(Fase%201)\">Recomendaciones sanitarias uso de TERRAZAS (12\/05\/2020)<\/a><\/strong><\/li>\n<li><strong><a href=\"https:\/\/www.eudel.eus\/destacados\/covid19\/files\/2020\/05\/Protocolo-de-seguridad-higi\u00e9nico-sanitaria-para-el-sector-de-la-restauraci\u00f3n.pdf\">Protocolo de Seguridad Higi\u00e9nico-Sanitaria para el sector de la Restauraci\u00f3n (08\/05\/2020)<\/a><\/strong><\/li>\n<li><strong><a href=\"https:\/\/www.eudel.eus\/destacados\/covid19\/files\/2020\/05\/Protocolo_cas.pdf\">\u201cProtocolo de Seguridad Higi\u00e9nico-Sanitaria para el Comercio\u201d (03\/05\/2020)<\/a><\/strong><\/li>\n<\/ul>\n<p>[\/vc_column_text][\/vc_column][\/vc_row]<\/p>","protected":false},"excerpt":{"rendered":"<p>[vc_row 0=\u00bb\u00bb][vc_column][vc_column_text 0=\u00bb\u00bb] NUEVA NORMALIDAD Recomendaciones y\/o directrices para cada actividad o \u00e1mbito Directrices de Salud P\u00fablica para la elaboraci\u00f3n de protocolos y planes espec\u00edficos dirigidos a prevenir la transmisi\u00f3n de la COVID-19 Directrices para prevenir la transmisi\u00f3n de la COVID-19 en gimnasios Pautas para la actividad f\u00edsica y el deporte (02-06-2021) Preguntas-respuesta medidas de<\/p>\n","protected":false},"author":8,"featured_media":0,"parent":0,"menu_order":0,"comment_status":"closed","ping_status":"closed","template":"page-blocks.php","meta":{"footnotes":""},"_links":{"self":[{"href":"https:\/\/www.eudel.eus\/destacados\/covid19\/wp-json\/wp\/v2\/pages\/560"}],"collection":[{"href":"https:\/\/www.eudel.eus\/destacados\/covid19\/wp-json\/wp\/v2\/pages"}],"about":[{"href":"https:\/\/www.eudel.eus\/destacados\/covid19\/wp-json\/wp\/v2\/types\/page"}],"author":[{"embeddable":true,"href":"https:\/\/www.eudel.eus\/destacados\/covid19\/wp-json\/wp\/v2\/users\/8"}],"replies":[{"embeddable":true,"href":"https:\/\/www.eudel.eus\/destacados\/covid19\/wp-json\/wp\/v2\/comments?post=560"}],"version-history":[{"count":72,"href":"https:\/\/www.eudel.eus\/destacados\/covid19\/wp-json\/wp\/v2\/pages\/560\/revisions"}],"predecessor-version":[{"id":777,"href":"https:\/\/www.eudel.eus\/destacados\/covid19\/wp-json\/wp\/v2\/pages\/560\/revisions\/777"}],"wp:attachment":[{"href":"https:\/\/www.eudel.eus\/destacados\/covid19\/wp-json\/wp\/v2\/media?parent=560"}],"curies":[{"name":"wp","href":"https:\/\/api.w.org\/{rel}","templated":true}]}}