{"id":524,"date":"2020-05-26T12:36:37","date_gmt":"2020-05-26T10:36:37","guid":{"rendered":"https:\/\/www.eudel.eus\/destacados\/covid19\/?page_id=524"},"modified":"2020-05-27T14:20:39","modified_gmt":"2020-05-27T12:20:39","slug":"recomendaciones-verano","status":"publish","type":"page","link":"https:\/\/www.eudel.eus\/destacados\/covid19\/recomendaciones-verano\/","title":{"rendered":"Recomendaciones verano"},"content":{"rendered":"<p>[vc_row 0=\u00bb\u00bb][vc_column][vc_column_text 0=\u00bb\u00bb]<\/p>\n<h1>RECOMENDACIONES B\u00c1SICAS DE EUDEL PARA CELEBRAR EVENTOS DE VERANO EN LOS MUNICIPIOS VASCOS<\/h1>\n<p>[\/vc_column_text][\/vc_column][\/vc_row][vc_row][vc_column][vc_column_text]En la reuni\u00f3n del 14 de mayo, celebrada mediante videoconferencia, la Comisi\u00f3n Ejecutiva de EUDEL compuesta por alcaldesas y alcaldes de las diferentes sensibilidades de los Municipios Vascos<strong> acord\u00f3 por unanimidad<\/strong> una serie de recomendaciones b\u00e1sicas para los eventos y todo tipo de actividades socioculturales que se puedan organizar a lo largo de los pr\u00f3ximos meses, hasta el 15 septiembre de 2020.<\/p>\n<p>Las recomendaciones de EUDEL han sido trasladadas a todos los Ayuntamientos para que los 252 municipios de la CAE (circular 15\/05\/20) puedan compartir un<strong>\u00a0marco general<\/strong>\u00a0de pautas b\u00e1sicas,\u00a0a partir del cual cada ayuntamiento podr\u00e1 decidir en base a su<strong>\u00a0autonom\u00eda municipal<\/strong>. Las recomendaciones est\u00e1n\u00a0<strong>orientadas a garantizar la salud y seguridad<\/strong>\u00a0en todas las actividades que se desarrollan en los municipios durante la campa\u00f1a estival,\u00a0tanto al aire libre como en espacios cerrados. Estas recomendaciones se podr\u00e1n adaptar a las directrices emitidas por las autoridades sanitarias en cada momento ante la evoluci\u00f3n de la pandemia.<\/p>\n<p><strong><u>RECOMENDACIONES DE EUDEL <\/u><\/strong><\/p>\n<p style=\"text-align: center;\"><a href=\"https:\/\/www.eudel.eus\/destacados\/covid19\/files\/2020\/05\/Akordioa_acuerdo.pdf\"><strong><u>Acuerdo de la Comisi\u00f3n Ejecutiva 14\/05\/20 (PDF)<\/u><\/strong><\/a><\/p>\n<p>\u201cPor regla general, sin perjuicio del cumplimiento de las disposiciones sanitarias que se dicten en cada momento, y salvo casos espec\u00edficos en que se justifique la utilizaci\u00f3n de otros criterios, se recomienda organizar o autorizar actividades conforme a los siguientes par\u00e1metros:<\/p>\n<ul>\n<li><strong>Eventos<\/strong> tanto en espacios abiertos como cerrados que <strong>no superen 250 personas sentadas.<\/strong><\/li>\n<li>Se preservar\u00e1 que la <strong>distancia de seguridad<\/strong> entre personas sea de <strong>2 metros.<\/strong><\/li>\n<li>En caso de eventos o actividades al <strong>aire libre o en espacios cubiertos<\/strong>, se mantendr\u00e1 un espacio de <strong>4 metros cuadrados<\/strong> por persona.<\/li>\n<li>La <strong>ocupaci\u00f3n m\u00e1xima<\/strong> del espacio p\u00fablico <strong>no superar\u00e1 1.000 metros cuadrados.<\/strong><\/li>\n<li>La actividad de <strong>colonias de verano y de d\u00eda<\/strong> queda <strong>en suspenso.<\/strong><\/li>\n<li>Las <strong>instalaciones municipales cubiertas permanecer\u00e1n cerradas<\/strong> salvo la celebraci\u00f3n puntual de alg\u00fan evento.<\/li>\n<\/ul>\n<p>Estas recomendaciones se adaptar\u00e1n a la <strong>normativa <\/strong>que se vaya aprobando en cada momento, conforme a la <strong>evoluci\u00f3n de la pandemia<\/strong>, y todo ello sin perjuicio de la autonom\u00eda municipal.<\/p>\n<p>As\u00ed mismo, la Comisi\u00f3n Ejecutiva ha acordado la constituci\u00f3n de un <strong>grupo de trabajo<\/strong> que aborde la <strong>gesti\u00f3n de piscinas y playas<\/strong>, para que aporte criterio al respecto.\u201d[\/vc_column_text][\/vc_column][\/vc_row]<\/p>","protected":false},"excerpt":{"rendered":"<p>[vc_row 0=\u00bb\u00bb][vc_column][vc_column_text 0=\u00bb\u00bb] RECOMENDACIONES B\u00c1SICAS DE EUDEL PARA CELEBRAR EVENTOS DE VERANO EN LOS MUNICIPIOS VASCOS [\/vc_column_text][\/vc_column][\/vc_row][vc_row][vc_column][vc_column_text]En la reuni\u00f3n del 14 de mayo, celebrada mediante videoconferencia, la Comisi\u00f3n Ejecutiva de EUDEL compuesta por alcaldesas y alcaldes de las diferentes sensibilidades de los Municipios Vascos acord\u00f3 por unanimidad una serie de recomendaciones b\u00e1sicas para los eventos<\/p>\n","protected":false},"author":8,"featured_media":0,"parent":0,"menu_order":0,"comment_status":"closed","ping_status":"closed","template":"page-blocks.php","meta":{"footnotes":""},"_links":{"self":[{"href":"https:\/\/www.eudel.eus\/destacados\/covid19\/wp-json\/wp\/v2\/pages\/524"}],"collection":[{"href":"https:\/\/www.eudel.eus\/destacados\/covid19\/wp-json\/wp\/v2\/pages"}],"about":[{"href":"https:\/\/www.eudel.eus\/destacados\/covid19\/wp-json\/wp\/v2\/types\/page"}],"author":[{"embeddable":true,"href":"https:\/\/www.eudel.eus\/destacados\/covid19\/wp-json\/wp\/v2\/users\/8"}],"replies":[{"embeddable":true,"href":"https:\/\/www.eudel.eus\/destacados\/covid19\/wp-json\/wp\/v2\/comments?post=524"}],"version-history":[{"count":5,"href":"https:\/\/www.eudel.eus\/destacados\/covid19\/wp-json\/wp\/v2\/pages\/524\/revisions"}],"predecessor-version":[{"id":542,"href":"https:\/\/www.eudel.eus\/destacados\/covid19\/wp-json\/wp\/v2\/pages\/524\/revisions\/542"}],"wp:attachment":[{"href":"https:\/\/www.eudel.eus\/destacados\/covid19\/wp-json\/wp\/v2\/media?parent=524"}],"curies":[{"name":"wp","href":"https:\/\/api.w.org\/{rel}","templated":true}]}}