{"id":517,"date":"2020-05-21T14:25:31","date_gmt":"2020-05-21T12:25:31","guid":{"rendered":"https:\/\/www.eudel.eus\/destacados\/covid19\/?page_id=517"},"modified":"2021-02-26T09:36:02","modified_gmt":"2021-02-26T07:36:02","slug":"apoyo-proteccion","status":"publish","type":"page","link":"https:\/\/www.eudel.eus\/destacados\/covid19\/apoyo-proteccion\/","title":{"rendered":"apoyo-proteccion"},"content":{"rendered":"<p>[vc_row 0=\u00bb\u00bb][vc_column 0=\u00bb\u00bb][vc_column_text 0=\u00bb\u00bb]<\/p>\n<h1>EUDEL: Apoyo en Protecci\u00f3n y Contingencia<\/h1>\n<h4>Donaci\u00f3n de mascarillas a los ayuntamientos \/\/ Suministro de EPIs y Test a colectivos esenciales (colaboraci\u00f3n Gobierno Vasco)<\/h4>\n<p>[\/vc_column_text][\/vc_column][\/vc_row][vc_row][vc_column 0=\u00bb\u00bb][vc_column_text]<\/p>\n<h2>Donaci\u00f3n extraordinaria de 300.000 mascarillas a los Ayuntamientos<\/h2>\n<p>&nbsp;<\/p>\n<p>EUDEL realiza en el mes de abril una donaci\u00f3n extraordinaria a los Ayuntamientos de 300.000 unidades de mascarillas para su distribuci\u00f3n gratuita en el conjunto de Municipios Vascos. El reparto a cada Ayuntamiento se organiza y coordina desde EUDEL atendiendo al criterio de tama\u00f1o de poblaci\u00f3n. La entrega del material en los municipios finaliza el 7 de mayo, coincidiendo con el inicio de la Fase 1 en la CAE (11 de mayo).<\/p>\n<ul>\n<li><strong>Para m\u00e1s informaci\u00f3n<\/strong>: <a href=\"https:\/\/noticias.eudel.eus\/noticia\/eudel-repone-las-300-000-mascarillas-donadas-al-conjunto-de-los-ayuntamientos-vascos\/\">https:\/\/noticias.eudel.eus\/noticia\/eudel-repone-las-300-000-mascarillas-donadas-al-conjunto-de-los-ayuntamientos-vascos\/<\/a><\/li>\n<\/ul>\n<p>[\/vc_column_text][\/vc_column][\/vc_row][vc_row css=\u00bb.vc_custom_1590064231066{background-color: #eaeaeaea !important;}\u00bb][vc_column 0=\u00bb\u00bb][vc_column_text 0=\u00bb\u00bb]<\/p>\n<h2>Suministro de material de protecci\u00f3n para \u00a0colectivos esenciales<\/h2>\n<p>&nbsp;<\/p>\n<p>En el marco de colaboraci\u00f3n con el Departamento de Salud, EUDEL recibe la encomienda de <strong>coordinar el suministro regular de material de protecci\u00f3n individual (mascarillas y guantes) <\/strong>a tres de los colectivos de \u00a0servicios municipales esenciales: personal del <strong>Servicio de Ayuda a Domicilio (SAD<\/strong>), agentes de la <strong>Polic\u00eda Local<\/strong> y personal de <strong>entierros.<\/strong><\/p>\n<p>El suministro regular a los Ayuntamientos se prolonga en el periodo comprendido entre el <u>27 de marzo y el 15 de mayo (8 semanas)<\/u>, con <strong>un reparto semanal<\/strong> de material sanitario para cada colectivo.<\/p>\n<p>&nbsp;<\/p>\n<ul>\n<li><strong>N\u00ba de suministros:<\/strong> <strong>8 entregas<\/strong>, entre el 27 marzo y el 15 de mayo<\/li>\n<li><strong>Material total suministrado:<\/strong>\u00a0<strong>586.030 mascarillas y 586.030 pares de guantes.<\/strong><\/li>\n<\/ul>\n<p><u>Red comarcal de municipios colaboradores:<\/u><\/p>\n<p>EUDEL coordina el suministro al conjunto de los 252 municipios de la CAE contando con la colaboraci\u00f3n de los propios Ayuntamientos y Mancomunidades; en una red organizada entre las diferentes <strong>comarcas de cada Territorio Hist\u00f3rico<\/strong>. EUDEL conforma una red de ayuntamientos que colaboran como receptores del material a repartir entre los municipios de cada comarca, y supervisan que el suministro se hace efectivo.[\/vc_column_text][\/vc_column][\/vc_row][vc_row 0=\u00bb\u00bb][vc_column 0=\u00bb\u00bb][vc_column_text 0=\u00bb\u00bb]<\/p>\n<h2>TEST de la Covid-19 a Bomberos, Polic\u00edas Locales y personal de Ayuda a Domicilio<\/h2>\n<p>&nbsp;<\/p>\n<p>EUDEL y el Departamento de Salud acuerdan la realizaci\u00f3n de pruebas de detecci\u00f3n de la Covid-19 (test serol\u00f3gicos) al personal de Bomberos y Protecci\u00f3n Civil, Polic\u00eda Local y el Servicio de Ayuda a Domicilio (SAD). Medida acordada en el marco de la colaboraci\u00f3n interinstitucional, y <u>por mediaci\u00f3n de EUDEL<\/u> como integrante del <strong>Comit\u00e9 Asesor<\/strong> <strong>del Plan de Protecci\u00f3n Civil de Euskadi (LABI),<\/strong> con el Lehendakari como director \u00fanico durante la emergencia sanitaria.<\/p>\n<p>EUDEL se encarga de recopilar los datos de las personas trabajadoras y los remite al Departamento de Salud a fin de realizar la convocatoria al personal de cada colectivo. La prueba es de <strong>car\u00e1cter voluntario<\/strong>, pero en caso de resultado positivo, la persona deber\u00e1 someterse a un diagn\u00f3stico posterior PCR. El Departamento de Salud remitir\u00e1 el protocolo oportuno a seguir en este caso.<\/p>\n<p><strong>M\u00e1s informaci\u00f3n: <\/strong><a href=\"https:\/\/noticias.eudel.eus\/noticia\/eudel-y-el-departamento-de-salud-acuerdan-la-realizacion-de-test-de-covid-19-a-las-policias-locales-y-el-personal-de-ayuda-a-domicilio\/\"><strong>https:\/\/noticias.eudel.eus\/noticia\/eudel-y-el-departamento-de-salud-acuerdan-la-realizacion-de-test-de-covid-19-a-las-policias-locales-y-el-personal-de-ayuda-a-domicilio\/<\/strong><\/a><\/p>\n<p>[\/vc_column_text][\/vc_column][\/vc_row]<\/p>","protected":false},"excerpt":{"rendered":"<p>[vc_row 0=\u00bb\u00bb][vc_column 0=\u00bb\u00bb][vc_column_text 0=\u00bb\u00bb] EUDEL: Apoyo en Protecci\u00f3n y Contingencia Donaci\u00f3n de mascarillas a los ayuntamientos \/\/ Suministro de EPIs y Test a colectivos esenciales (colaboraci\u00f3n Gobierno Vasco) [\/vc_column_text][\/vc_column][\/vc_row][vc_row][vc_column 0=\u00bb\u00bb][vc_column_text] Donaci\u00f3n extraordinaria de 300.000 mascarillas a los Ayuntamientos &nbsp; EUDEL realiza en el mes de abril una donaci\u00f3n extraordinaria a los Ayuntamientos de 300.000 unidades<\/p>\n","protected":false},"author":8,"featured_media":0,"parent":0,"menu_order":0,"comment_status":"closed","ping_status":"closed","template":"page-blocks.php","meta":{"footnotes":""},"_links":{"self":[{"href":"https:\/\/www.eudel.eus\/destacados\/covid19\/wp-json\/wp\/v2\/pages\/517"}],"collection":[{"href":"https:\/\/www.eudel.eus\/destacados\/covid19\/wp-json\/wp\/v2\/pages"}],"about":[{"href":"https:\/\/www.eudel.eus\/destacados\/covid19\/wp-json\/wp\/v2\/types\/page"}],"author":[{"embeddable":true,"href":"https:\/\/www.eudel.eus\/destacados\/covid19\/wp-json\/wp\/v2\/users\/8"}],"replies":[{"embeddable":true,"href":"https:\/\/www.eudel.eus\/destacados\/covid19\/wp-json\/wp\/v2\/comments?post=517"}],"version-history":[{"count":6,"href":"https:\/\/www.eudel.eus\/destacados\/covid19\/wp-json\/wp\/v2\/pages\/517\/revisions"}],"predecessor-version":[{"id":711,"href":"https:\/\/www.eudel.eus\/destacados\/covid19\/wp-json\/wp\/v2\/pages\/517\/revisions\/711"}],"wp:attachment":[{"href":"https:\/\/www.eudel.eus\/destacados\/covid19\/wp-json\/wp\/v2\/media?parent=517"}],"curies":[{"name":"wp","href":"https:\/\/api.w.org\/{rel}","templated":true}]}}