{"id":401,"date":"2020-04-17T12:58:04","date_gmt":"2020-04-17T10:58:04","guid":{"rendered":"https:\/\/www.eudel.eus\/destacados\/covid19\/?page_id=401"},"modified":"2020-04-23T13:55:28","modified_gmt":"2020-04-23T11:55:28","slug":"transporte","status":"publish","type":"page","link":"https:\/\/www.eudel.eus\/destacados\/covid19\/transporte\/","title":{"rendered":"Transporte"},"content":{"rendered":"<p>[vc_row][vc_column][\/vc_column][\/vc_row][vc_row][vc_column][vc_column_text]<\/p>\n<h1>Transporte<\/h1>\n<p>[\/vc_column_text][\/vc_column][\/vc_row][vc_row][vc_column][vc_column_text]<strong>Transporte p\u00fablico de Euskadi: Medidas con motivo del COVID-19<\/strong><\/p>\n<p>El d\u00eda 5 de marzo se constituy\u00f3 la <strong>Mesa de Coordinaci\u00f3n COVID-19<\/strong> de la <strong>Autoridad del Transporte Publico<\/strong>. Es el \u00f3rgano de coordinaci\u00f3n interinstitucional desde donde se consensuan y comparten las actuaciones y medidas m\u00e1s relevantes en relaci\u00f3n al covid, tanto aquellas dirigidas a las personas usuarias (campa\u00f1as informativas, etc) como para las administraciones.<\/p>\n<ul>\n<li style=\"list-style-type: none;\">\n<ul>\n<li><a href=\"https:\/\/www.euskadi.eus\/transporte-publico-de-euskadi-medidas-con-motivo-del-covid-19\/web01-a2garrai\/es\/\">Web Medidas en el transporte p\u00fablico ante el covid-19<\/a><\/li>\n<\/ul>\n<\/li>\n<\/ul>\n<ul>\n<li><strong>Campa\u00f1a informativa<\/strong> del Gobierno Vasco para el uso del transporte p\u00fablico. <strong>Material gr\u00e1fico y multimedia. <\/strong>(<a href=\"https:\/\/wetransfer.com\/downloads\/9af62741e607d1daa2908960aa0c1f2320200326130532\/21593ccb1dc496a4c706e1379fe1484e20200326130532\/99ff50\">Enlace descarga carteles, videos, web, redes)<\/a><\/li>\n<\/ul>\n<p style=\"text-align: center;\"><a href=\"https:\/\/www.eudel.eus\/destacados\/covid19\/files\/2020\/04\/transporte.jpg\"><img loading=\"lazy\" decoding=\"async\" class=\"alignnone size-cheerup-main-full wp-image-405\" src=\"https:\/\/www.eudel.eus\/destacados\/covid19\/files\/2020\/04\/transporte-800x508.jpg\" alt=\"\" width=\"770\" height=\"489\" \/><\/a><\/p>\n<p>[\/vc_column_text][\/vc_column][\/vc_row]<\/p>","protected":false},"excerpt":{"rendered":"<p>[vc_row][vc_column][\/vc_column][\/vc_row][vc_row][vc_column][vc_column_text] Transporte [\/vc_column_text][\/vc_column][\/vc_row][vc_row][vc_column][vc_column_text]Transporte p\u00fablico de Euskadi: Medidas con motivo del COVID-19 El d\u00eda 5 de marzo se constituy\u00f3 la Mesa de Coordinaci\u00f3n COVID-19 de la Autoridad del Transporte Publico. Es el \u00f3rgano de coordinaci\u00f3n interinstitucional desde donde se consensuan y comparten las actuaciones y medidas m\u00e1s relevantes en relaci\u00f3n al covid, tanto aquellas dirigidas a<\/p>\n","protected":false},"author":8,"featured_media":0,"parent":0,"menu_order":0,"comment_status":"closed","ping_status":"closed","template":"page-blocks.php","meta":{"footnotes":""},"_links":{"self":[{"href":"https:\/\/www.eudel.eus\/destacados\/covid19\/wp-json\/wp\/v2\/pages\/401"}],"collection":[{"href":"https:\/\/www.eudel.eus\/destacados\/covid19\/wp-json\/wp\/v2\/pages"}],"about":[{"href":"https:\/\/www.eudel.eus\/destacados\/covid19\/wp-json\/wp\/v2\/types\/page"}],"author":[{"embeddable":true,"href":"https:\/\/www.eudel.eus\/destacados\/covid19\/wp-json\/wp\/v2\/users\/8"}],"replies":[{"embeddable":true,"href":"https:\/\/www.eudel.eus\/destacados\/covid19\/wp-json\/wp\/v2\/comments?post=401"}],"version-history":[{"count":7,"href":"https:\/\/www.eudel.eus\/destacados\/covid19\/wp-json\/wp\/v2\/pages\/401\/revisions"}],"predecessor-version":[{"id":465,"href":"https:\/\/www.eudel.eus\/destacados\/covid19\/wp-json\/wp\/v2\/pages\/401\/revisions\/465"}],"wp:attachment":[{"href":"https:\/\/www.eudel.eus\/destacados\/covid19\/wp-json\/wp\/v2\/media?parent=401"}],"curies":[{"name":"wp","href":"https:\/\/api.w.org\/{rel}","templated":true}]}}