{"id":376,"date":"2020-04-17T12:08:36","date_gmt":"2020-04-17T10:08:36","guid":{"rendered":"https:\/\/www.eudel.eus\/destacados\/covid19\/?page_id=376"},"modified":"2020-04-23T13:54:24","modified_gmt":"2020-04-23T11:54:24","slug":"sesiones-telematicas","status":"publish","type":"page","link":"https:\/\/www.eudel.eus\/destacados\/covid19\/sesiones-telematicas\/","title":{"rendered":"Sesiones telem\u00e1ticas"},"content":{"rendered":"<p>[vc_row][vc_column][\/vc_column][\/vc_row][vc_row][vc_column][vc_column_text]<\/p>\n<h1>Sesiones Telem\u00e1ticas: Plenos y \u00d3rganos de Gobierno<\/h1>\n<p>[\/vc_column_text][\/vc_column][\/vc_row][vc_row][vc_column][vc_column_text]Referencia normativa a las sucesivas modificaciones legislativas llevadas a cabo para permitir la celebraci\u00f3n de Plenos, Juntas y otras reuniones de los \u00f3rganos de gobierno local.<\/p>\n<p><strong>Modificaci\u00f3n de la Ley de Bases del R\u00e9gimen Loca<\/strong><strong>l<\/strong><\/p>\n<p><a href=\"https:\/\/www.boe.es\/buscar\/act.php?id=BOE-A-2020-4208&amp;p=20200401&amp;tn=2\"><strong>Real Decreto-Ley 11\/2020, de 31 de marzo. DF 2\u00aa relativa a modificaci\u00f3n LBRL<\/strong><\/a><\/p>\n<p>Referencia Consejo de Ministros (31\/03\/20):<strong> \u00a0<\/strong><strong>\u201c <\/strong>Se a\u00f1ade un nuevo apartado 3 al art\u00edculo 46 de la Ley Reguladora de las Bases del R\u00e9gimen Local. La situaci\u00f3n actual ha puesto de relieve que, <u>ante situaciones de grave crisis que impidan el funcionamiento normal del r\u00e9gimen presencial de los \u00f3rganos colegiados de las entidades locales, los mismos puedan desarrollar su actividad a distancia por medios electr\u00f3nicos v\u00e1lidos<\/u>, siempre que sus miembros participantes se encuentren en territorio espa\u00f1ol y quede acreditada su identidad.\u201d<\/p>\n<p><a href=\"https:\/\/noticias.eudel.eus\/wp-content\/uploads\/2020\/03\/circular_Plenos.pdf\"><strong>Circular EUDEL<\/strong><\/a> <strong>y \u00a0<\/strong><a href=\"https:\/\/noticias.eudel.eus\/wp-content\/uploads\/2020\/03\/Nota_Ministerio_oharra.pdf\"><strong>Nota informativa del Ministerio 23\/03\/20<\/strong><\/a> sobre la posibilidad de que los \u00f3rganos representativos locales y de gobierno (plenos, juntas de gobierno, comisiones de pleno), as\u00ed como otros \u00f3rganos colegiados locales (como juntas de contrataci\u00f3n) puedan reunirse de manera telem\u00e1tica y adoptar acuerdos durante el estado de alarma\u201d<\/p>\n<p><strong><u>Primera circular EUDEL (16\/03\/20), medidas extraordinarias para Plenos y Comisiones:<\/u><\/strong><\/p>\n<ul>\n<li>Reducir las sesiones de Plenos y Comisiones a lo estrictamente necesario. De tal forma que solo se celebrar\u00e1n Plenos y Comisiones para tratar la parte resolutiva (la que hay que votar). Por tanto, el resto de asuntos no ser\u00edan abordados.<\/li>\n<li>En las Comisiones asistir\u00e1 un\/a \u00fanico\/a concejal\/a por grupo, delegando el voto de los concejales y las concejalas en el portavoz de dicho grupo, o en el concejal o en la concejala responsable.<\/li>\n<li>Mantener la distancia social indicada (1 metro como m\u00ednimo), para ello, si fuese necesario, trasladar el Pleno o la Comisi\u00f3n a un espacio m\u00e1s amplio.<\/li>\n<\/ul>\n<p>[\/vc_column_text][\/vc_column][\/vc_row]<\/p>","protected":false},"excerpt":{"rendered":"<p>[vc_row][vc_column][\/vc_column][\/vc_row][vc_row][vc_column][vc_column_text] Sesiones Telem\u00e1ticas: Plenos y \u00d3rganos de Gobierno [\/vc_column_text][\/vc_column][\/vc_row][vc_row][vc_column][vc_column_text]Referencia normativa a las sucesivas modificaciones legislativas llevadas a cabo para permitir la celebraci\u00f3n de Plenos, Juntas y otras reuniones de los \u00f3rganos de gobierno local. Modificaci\u00f3n de la Ley de Bases del R\u00e9gimen Local Real Decreto-Ley 11\/2020, de 31 de marzo. DF 2\u00aa relativa a modificaci\u00f3n<\/p>\n","protected":false},"author":8,"featured_media":0,"parent":0,"menu_order":0,"comment_status":"closed","ping_status":"closed","template":"page-blocks.php","meta":{"footnotes":""},"_links":{"self":[{"href":"https:\/\/www.eudel.eus\/destacados\/covid19\/wp-json\/wp\/v2\/pages\/376"}],"collection":[{"href":"https:\/\/www.eudel.eus\/destacados\/covid19\/wp-json\/wp\/v2\/pages"}],"about":[{"href":"https:\/\/www.eudel.eus\/destacados\/covid19\/wp-json\/wp\/v2\/types\/page"}],"author":[{"embeddable":true,"href":"https:\/\/www.eudel.eus\/destacados\/covid19\/wp-json\/wp\/v2\/users\/8"}],"replies":[{"embeddable":true,"href":"https:\/\/www.eudel.eus\/destacados\/covid19\/wp-json\/wp\/v2\/comments?post=376"}],"version-history":[{"count":12,"href":"https:\/\/www.eudel.eus\/destacados\/covid19\/wp-json\/wp\/v2\/pages\/376\/revisions"}],"predecessor-version":[{"id":463,"href":"https:\/\/www.eudel.eus\/destacados\/covid19\/wp-json\/wp\/v2\/pages\/376\/revisions\/463"}],"wp:attachment":[{"href":"https:\/\/www.eudel.eus\/destacados\/covid19\/wp-json\/wp\/v2\/media?parent=376"}],"curies":[{"name":"wp","href":"https:\/\/api.w.org\/{rel}","templated":true}]}}