{"id":339,"date":"2020-04-16T14:35:54","date_gmt":"2020-04-16T12:35:54","guid":{"rendered":"https:\/\/www.eudel.eus\/destacados\/covid19\/?page_id=339"},"modified":"2020-06-19T13:43:05","modified_gmt":"2020-06-19T11:43:05","slug":"limpieza","status":"publish","type":"page","link":"https:\/\/www.eudel.eus\/destacados\/covid19\/limpieza\/","title":{"rendered":"Limpieza y desinfecci\u00f3n"},"content":{"rendered":"<p>[vc_row][vc_column][vc_column_text]<\/p>\n<h1>Limpieza y desinfecci\u00f3n<\/h1>\n<p>[\/vc_column_text][\/vc_column][\/vc_row][vc_row][vc_column][vc_column_text]<\/p>\n<ul>\n<li><strong><a href=\"https:\/\/www.eudel.eus\/destacados\/covid19\/files\/2020\/06\/2001818a.pdf\">ORDEN de 2 de abril de 2020, de la Consejera de Salud,<\/a><\/strong><a href=\"https:\/\/www.eudel.eus\/destacados\/covid19\/files\/2020\/06\/2001818a.pdf\"> por la que se adoptan medidas en mate\u00adria de limpieza y desinfecci\u00f3n de superficies y otras medidas higi\u00e9nicas debido a la pandemia causada por el SARS-CoV-2 (Covid-19).<\/a><\/li>\n<li><a href=\"https:\/\/www.eudel.eus\/destacados\/covid19\/files\/2020\/06\/InstruccionesLIMPIEZA_GobVasco_Abril.pdf\"><em>Instrucciones t\u00e9cnicas del Gobierno Vasco \u00a0de <strong>Limpieza viaria y espacios p\u00fablicos (V. 6 abril)<\/strong><\/em><\/a><\/li>\n<li><a href=\"https:\/\/www.eudel.eus\/destacados\/covid19\/files\/2020\/06\/Procedimiento_limpieza_viaria_COVID-19.pdf\"><strong>Procedimiento para la limpieza viaria (doc t\u00e9cnico Ministerio Sanidad)<\/strong><\/a><\/li>\n<li><a href=\"https:\/\/noticias.eudel.eus\/wp-content\/uploads\/2020\/03\/Circular_DESINFECCION_250320.pdf\"><strong>Circular (25\/03\/20): Coordinaci\u00f3n de labores de Limpieza y Desinfecci\u00f3n en municipios, desde la Direcci\u00f3n de Emergencias y Meteorolog\u00eda (Dpto. de Seguridad)<\/strong><\/a><\/li>\n<\/ul>\n<p>[\/vc_column_text][\/vc_column][\/vc_row]<\/p>","protected":false},"excerpt":{"rendered":"<p>[vc_row][vc_column][vc_column_text] Limpieza y desinfecci\u00f3n [\/vc_column_text][\/vc_column][\/vc_row][vc_row][vc_column][vc_column_text] ORDEN de 2 de abril de 2020, de la Consejera de Salud, por la que se adoptan medidas en mate\u00adria de limpieza y desinfecci\u00f3n de superficies y otras medidas higi\u00e9nicas debido a la pandemia causada por el SARS-CoV-2 (Covid-19). Instrucciones t\u00e9cnicas del Gobierno Vasco \u00a0de Limpieza viaria y espacios p\u00fablicos<\/p>\n","protected":false},"author":8,"featured_media":0,"parent":0,"menu_order":0,"comment_status":"closed","ping_status":"closed","template":"page-blocks.php","meta":{"footnotes":""},"_links":{"self":[{"href":"https:\/\/www.eudel.eus\/destacados\/covid19\/wp-json\/wp\/v2\/pages\/339"}],"collection":[{"href":"https:\/\/www.eudel.eus\/destacados\/covid19\/wp-json\/wp\/v2\/pages"}],"about":[{"href":"https:\/\/www.eudel.eus\/destacados\/covid19\/wp-json\/wp\/v2\/types\/page"}],"author":[{"embeddable":true,"href":"https:\/\/www.eudel.eus\/destacados\/covid19\/wp-json\/wp\/v2\/users\/8"}],"replies":[{"embeddable":true,"href":"https:\/\/www.eudel.eus\/destacados\/covid19\/wp-json\/wp\/v2\/comments?post=339"}],"version-history":[{"count":14,"href":"https:\/\/www.eudel.eus\/destacados\/covid19\/wp-json\/wp\/v2\/pages\/339\/revisions"}],"predecessor-version":[{"id":631,"href":"https:\/\/www.eudel.eus\/destacados\/covid19\/wp-json\/wp\/v2\/pages\/339\/revisions\/631"}],"wp:attachment":[{"href":"https:\/\/www.eudel.eus\/destacados\/covid19\/wp-json\/wp\/v2\/media?parent=339"}],"curies":[{"name":"wp","href":"https:\/\/api.w.org\/{rel}","templated":true}]}}