{"id":284,"date":"2020-04-14T14:51:42","date_gmt":"2020-04-14T12:51:42","guid":{"rendered":"https:\/\/www.eudel.eus\/destacados\/covid19\/?page_id=284"},"modified":"2020-04-23T13:58:35","modified_gmt":"2020-04-23T11:58:35","slug":"victimas-de-violencia-machista-recursos-activos","status":"publish","type":"page","link":"https:\/\/www.eudel.eus\/destacados\/covid19\/victimas-de-violencia-machista-recursos-activos\/","title":{"rendered":"V\u00edctimas de VIOLENCIA MACHISTA. Recursos activos"},"content":{"rendered":"<p>[vc_row 0=\u00bb\u00bb][vc_column][vc_column_text]<\/p>\n<h1>Atenci\u00f3n a v\u00edctimas de VIOLENCIA MACHISTA. Recursos activos<\/h1>\n<p>[\/vc_column_text][vc_column_text 0=\u00bb\u00bb]Emakunde, con la colaboraci\u00f3n de\u00a0EUDEL y los ayuntamientos vascos, ha recopilado informaci\u00f3n actualizada de los <strong>recursos y servicios activos<\/strong> de atenci\u00f3n a mujeres v\u00edctimas de violencia en 185 municipios de la CAV.<\/p>\n<p>Adem\u00e1s de informaci\u00f3n adaptada \u00a0sobre los <strong>tel\u00e9fonos de atenci\u00f3n a mujeres v\u00edctimas<\/strong> se ha elaborado un <a href=\"https:\/\/noticias.eudel.eus\/wp-content\/uploads\/2020\/03\/1.laburpena_zerbutzubaliabideen_Resumen_recursosyservicios.pdf\"><strong>cuadro-resumen con los recursos del conjunto de instituciones<\/strong><\/a>, que siguen en marcha durante el actual contexto de confinamiento por el COVID-19.<\/p>\n<p>&nbsp;<\/p>\n<p><strong>Mapa de recursos en los Municipios Vascos\u00a0<\/strong><\/p>\n<p>En este tiempo de crisis provocada por el Coronavirus, se ha tenido que dar respuesta a las exigencias sanitarias, lo que ha obligado a una reorganizaci\u00f3n y adaptaci\u00f3n de los mismos para poder seguir garantizando la atenci\u00f3n a las mujeres en situaci\u00f3n de violencia machista durante los d\u00edas que dure el confinamiento por emergencia sanitaria.\u00a0 Esta es la informaci\u00f3n que\u00a0se ir\u00e1 completando y actualizando semanalmente.<\/p>\n<ul>\n<li><a href=\"https:\/\/www.emakunde.euskadi.eus\/contenidos\/informacion\/temas_violencia_intro\/eu_def\/adjuntos\/servicios_capv.pdf\">Servicios del Gobierno vasco y las diputaciones (PDF)<\/a><\/li>\n<li><a href=\"https:\/\/www.emakunde.euskadi.eus\/contenidos\/informacion\/temas_violencia_intro\/eu_def\/adjuntos\/bizkaia_zerbitzuak.pdf\">Servicios de los ayuntamientos de Bizkaia (PDF)<\/a><\/li>\n<li><a href=\"https:\/\/www.emakunde.euskadi.eus\/contenidos\/informacion\/temas_violencia_intro\/eu_def\/adjuntos\/gipuzkoa_zerbitzuak.pdf\">Servicios de los ayuntamientos de Gipuzkoa (PDF)<\/a><\/li>\n<li><a href=\"https:\/\/www.emakunde.euskadi.eus\/contenidos\/informacion\/temas_violencia_intro\/eu_def\/adjuntos\/araba_zerbitzuak.pdf\">Servicios de los ayuntamientos de Araba (PDF)<\/a><\/li>\n<\/ul>\n<p><a href=\"https:\/\/noticias.eudel.eus\/noticia\/covid-19-servicios-de-atencion-a-mujeres-victimas-de-violencia-en-185-municipios-de-la-cav\/\">Ver Informaci\u00f3n completa<\/a><\/p>\n<p>&nbsp;<\/p>\n<p><strong>Tel\u00e9fonos de Atenci\u00f3n (6 idiomas, mujeres con discapacidad)<\/strong><\/p>\n<p>Est\u00e1n <a href=\"http:\/\/emakunde.blog.euskadi.eus\/2020\/03\/emakunde-recuerda-estan-marcha-todos-los-recursos-servicios-atencion-urgente-victimas-violencia-machista-euskadi\/\">en marcha todos los recursos y servicios de atenci\u00f3n urgente a v\u00edctimas de violencia machista<\/a> que ofrecen las instituciones vascas. En estos d\u00edas se reforzar\u00e1 la comunicaci\u00f3n con respecto al <strong>tel\u00e9fono\u00a024 horas de atenci\u00f3n a la v\u00edctima (900840111) y el tel\u00e9fono a usar en caso de una emergencia (112).<\/strong> Se recuerda, asimismo,\u00a0 la <a href=\"https:\/\/www.irekia.euskadi.eus\/lf\/es\/news\/45245-seguridad-lanza-una-nueva-app-emergencias-dirigida-publico-general-mas-accesible-para-las-personas-con-imposibilidad-comunicacion-telefonica\">existencia de la app del 112 de emergencia<\/a>, que se actualiz\u00f3 en 2018, y es \u00a0accesible para personas con dificultades auditivas o de habla y que puede facilitar la localizaci\u00f3n a traves del sistema GPS.<\/p>\n<ul>\n<li><a href=\"https:\/\/noticias.eudel.eus\/wp-content\/uploads\/2020\/03\/2_KARTELA_koronabirusaindarkeria.pdf\"><strong>CARTEL informativo para la ciudadan\u00eda\u00a0<\/strong><\/a><strong>\u00a0(<\/strong><strong>pegar jpg tambi\u00e9n)<\/strong><\/li>\n<li><strong><a href=\"https:\/\/noticias.eudel.eus\/noticia\/nuevo-video-y-carteles-adaptados-para-informar-a-mujeres-con-discapacidad-de-los-telefonos-de-atencion-a-victimas-de-violencia\/\">VIDEOS y CARTELES adaptados para personas con discapacidad<\/a><\/strong><\/li>\n<li><a href=\"http:\/\/emakunde.blog.euskadi.eus\/2020\/03\/el-gobierno-difunde-en-seis-lenguas-la-informacion-de-los-telefonos-de-atencion-a-las-victimas-de-violencia-machista-ante-la-situacion-excepcional-provocada-por-el-coronovirus\/\"><strong>El Gobierno difunde en seis lenguas la informaci\u00f3n de los tel\u00e9fonos de atenci\u00f3n a las v\u00edctimas de violencia machista<\/strong><\/a><\/li>\n<\/ul>\n<p><strong><u>AYUDAS:<\/u><\/strong><\/p>\n<ul>\n<li><a href=\"https:\/\/www.irekia.euskadi.eus\/es\/news\/61163-gobierno-vasco-flexibiliza-acceso-las-ayudas-economica-pago-unico-para-las-mujeres-victimas-violencia-genero\"><strong>(30\/03\/20) Gobierno Vasco flexibiliza el acceso a las ayudas econ\u00f3mica de \u2018pago \u00fanico\u2019 para las mujeres v\u00edctimas de violencia de g\u00e9nero<\/strong><\/a><\/li>\n<\/ul>\n<p>[\/vc_column_text][\/vc_column][\/vc_row]<\/p>","protected":false},"excerpt":{"rendered":"<p>[vc_row 0=\u00bb\u00bb][vc_column][vc_column_text] Atenci\u00f3n a v\u00edctimas de VIOLENCIA MACHISTA. Recursos activos [\/vc_column_text][vc_column_text 0=\u00bb\u00bb]Emakunde, con la colaboraci\u00f3n de\u00a0EUDEL y los ayuntamientos vascos, ha recopilado informaci\u00f3n actualizada de los recursos y servicios activos de atenci\u00f3n a mujeres v\u00edctimas de violencia en 185 municipios de la CAV. Adem\u00e1s de informaci\u00f3n adaptada \u00a0sobre los tel\u00e9fonos de atenci\u00f3n a mujeres v\u00edctimas<\/p>\n","protected":false},"author":8,"featured_media":0,"parent":0,"menu_order":0,"comment_status":"closed","ping_status":"closed","template":"page-blocks.php","meta":{"footnotes":""},"_links":{"self":[{"href":"https:\/\/www.eudel.eus\/destacados\/covid19\/wp-json\/wp\/v2\/pages\/284"}],"collection":[{"href":"https:\/\/www.eudel.eus\/destacados\/covid19\/wp-json\/wp\/v2\/pages"}],"about":[{"href":"https:\/\/www.eudel.eus\/destacados\/covid19\/wp-json\/wp\/v2\/types\/page"}],"author":[{"embeddable":true,"href":"https:\/\/www.eudel.eus\/destacados\/covid19\/wp-json\/wp\/v2\/users\/8"}],"replies":[{"embeddable":true,"href":"https:\/\/www.eudel.eus\/destacados\/covid19\/wp-json\/wp\/v2\/comments?post=284"}],"version-history":[{"count":9,"href":"https:\/\/www.eudel.eus\/destacados\/covid19\/wp-json\/wp\/v2\/pages\/284\/revisions"}],"predecessor-version":[{"id":467,"href":"https:\/\/www.eudel.eus\/destacados\/covid19\/wp-json\/wp\/v2\/pages\/284\/revisions\/467"}],"wp:attachment":[{"href":"https:\/\/www.eudel.eus\/destacados\/covid19\/wp-json\/wp\/v2\/media?parent=284"}],"curies":[{"name":"wp","href":"https:\/\/api.w.org\/{rel}","templated":true}]}}