{"id":177,"date":"2020-04-01T10:53:06","date_gmt":"2020-04-01T10:53:06","guid":{"rendered":"https:\/\/www.eudel.eus\/destacados\/covid19\/?page_id=177"},"modified":"2021-07-29T14:30:19","modified_gmt":"2021-07-29T12:30:19","slug":"historico","status":"publish","type":"page","link":"https:\/\/www.eudel.eus\/destacados\/covid19\/historico\/","title":{"rendered":"Historico"},"content":{"rendered":"<p>[vc_row css=\u00bb.vc_custom_1586356593554{padding-top: 36px !important;padding-right: 36px !important;padding-left: 36px !important;background-color: #003f81 !important;}\u00bb el_class=\u00bbmain-banner\u00bb][vc_column][vc_column_text css=\u00bb.vc_custom_1589965925603{background-color: #003f81 !important;}\u00bb]<span style=\"color: #ffffff;\">EUDEL recopila en esta p\u00e1gina web toda la informaci\u00f3n de inter\u00e9s para los Municipios Vascos <\/span><strong><span style=\"color: #ffffff;\">ante la COVID-19.<\/span><\/strong>[\/vc_column_text][\/vc_column][\/vc_row][vc_row gap=\u00bb30&#8243; full_height=\u00bbyes\u00bb columns_placement=\u00bbstretch\u00bb content_placement=\u00bbtop\u00bb el_class=\u00bbtopics-row\u00bb][vc_column width=\u00bb1\/3&#8243; el_class=\u00bbproteccion1&#8243;][vc_raw_html]JTNDYSUyMGhyZWYlM0QlMjJkZXNlc2NhbGFkYSUyMiUyMGNsYXNzJTNEJTIycG9zdC1jb250ZW50JTIyJTNFJTBBJTNDc3BhbiUyMGNsYXNzJTNEJTIyaWNvbiUyMiUzRSUzQyUyRnNwYW4lM0UlMEElM0NoMiUyMGNsYXNzJTNEJTIydGl0bGUlMjIlM0VOVUVWQSUyME5PUk1BTElEQUQlMEElMEFSZWNvbWVuZGFjaW9uZXMlMjB5JTJGbyUyMGRpcmVjdHJpY2VzJTIwcGFyYSUyMGNhZGElMjBhY3RpdmlkYWQlMjBvJTIwJUMzJUExbWJpdG8lMEElM0MlMkZoMiUzRSUwQSUwQSUzQyUyRmElM0U=[\/vc_raw_html][\/vc_column][vc_column width=\u00bb2\/3&#8243; el_class=\u00bbproteccion\u00bb][vc_raw_html]JTNDYSUyMGhyZWYlM0QlMjJodHRwcyUzQSUyRiUyRnd3dy5ldWRlbC5ldXMlMkZkZXN0YWNhZG9zJTJGY292aWQxOSUyRmFwb3lvLXByb3RlY2Npb24lMkYlMjIlMjBjbGFzcyUzRCUyMnBvc3QtY29udGVudCUyMiUzRSUwQSUzQ3NwYW4lMjBjbGFzcyUzRCUyMmljb24lMjIlM0UlM0MlMkZzcGFuJTNFJTNDaDIlMjBjbGFzcyUzRCUyMnRpdGxlJTIyJTNFRVVERUwlM0ElMjBBcG95byUyMGVuJTIwUHJvdGVjY2klQzMlQjNuJTIweSUyMENvbnRpbmdlbmNpYSUzQyUyRmgyJTNFJTBBJTNDcCUzRURvbmFjaSVDMyVCM24lMjBkZSUyMG1hc2NhcmlsbGFzJTIwYSUyMGxvcyUyMGF5dW50YW1pZW50b3MlMjAlMkYlMkYlMjAlMEFTdW1pbmlzdHJvJTIwZGUlMjBFUElzJTIweSUyMFRlc3QlMjBhJTIwY29sZWN0aXZvcyUyMGVzZW5jaWFsZXMlMjAlMjhjb2xhYm9yYWNpJUMzJUIzbiUyMEdvYmllcm5vJTIwVmFzY28lMjklM0MlMkZwJTNFJTBBJTBBJTNDJTJGYSUzRQ==[\/vc_raw_html][\/vc_column][\/vc_row][vc_row gap=\u00bb30&#8243; full_height=\u00bbyes\u00bb columns_placement=\u00bbstretch\u00bb content_placement=\u00bbtop\u00bb el_class=\u00bbtopics-row\u00bb][vc_column width=\u00bb1\/3&#8243; el_class=\u00bbverano\u00bb][vc_raw_html]JTNDYSUyMGhyZWYlM0QlMjJodHRwcyUzQSUyRiUyRm5vdGljaWFzLmV1ZGVsLmV1cyUyRm5vdGljaWElMkZyZWNvbWVuZGFjaW9uZXMtYWN0dWFsaXphZGFzLXBhcmEtZXZlbnRvcy15LXRvZG8tdGlwby1kZS1hY3RpdmlkYWRlcy1lbi1sb3MtbXVuaWNpcGlvcy12YXNjb3MtYWN1ZXJkby1jb21pc2lvbi1lamVjdXRpdmEtMTEtMDYtMjAyMCUyRiUyMiUyMGNsYXNzJTNEJTIycG9zdC1jb250ZW50JTIyJTNFJTNDc3BhbiUyMGNsYXNzJTNEJTIyaWNvbiUyMiUzRSUzQyUyRnNwYW4lM0UlMEElM0NoMiUyMGNsYXNzJTNEJTIydGl0bGUlMjIlM0VTVVNQRU5ESURBUyUyMFJlY29tZW5kYWNpb25lcyUyMEVVREVMJTIwJUUyJTgwJTlDRVZFTlRPUyUyMERFJTIwVkVSQU5PJUUyJTgwJTlEJTIwJTNDJTJGaDIlM0UlMEElM0NwJTNFJTI4QWN1ZXJkbyUyMDExJTJGMDYlMkYyMDIwJTI5JTNDJTJGcCUzRSUwQSUwQSUzQyUyRmElM0U=[\/vc_raw_html][\/vc_column][vc_column width=\u00bb1\/3&#8243; el_class=\u00bbnormativa\u00bb][vc_raw_html]JTNDYSUyMGhyZWYlM0QlMjJodHRwcyUzQSUyRiUyRnd3dy5ldWRlbC5ldXMlMkZkZXN0YWNhZG9zJTJGY292aWQxOSUyRm5vcm1hdGl2YSUyRiUyMiUyMGNsYXNzJTNEJTIycG9zdC1jb250ZW50JTIyJTNFJTBBJTNDc3BhbiUyMGNsYXNzJTNEJTIyaWNvbiUyMiUzRSUzQyUyRnNwYW4lM0UlMEElM0NoMiUyMGNsYXNzJTNEJTIydGl0bGUlMjIlM0VOb3JtYXRpdmElM0MlMkZoMiUzRSUwQSUwQSUzQyUyRmElM0U=[\/vc_raw_html][\/vc_column][vc_column width=\u00bb1\/3&#8243; el_class=\u00bbayudas\u00bb][vc_raw_html]JTNDYSUyMGhyZWYlM0QlMjJheXVkYXMteS1tZWRpZGFzLWVjb25vbWljYXMlMjIlMjBjbGFzcyUzRCUyMnBvc3QtY29udGVudCUyMiUzRSUwQSUzQ3NwYW4lMjBjbGFzcyUzRCUyMmljb24lMjIlM0UlM0MlMkZzcGFuJTNFJTBBJTNDaDIlMjBjbGFzcyUzRCUyMnRpdGxlJTIyJTNFQXl1ZGFzJTIweSUyMFN1YnZlbmNpb25lcyUzQyUyRmgyJTNFJTBBJTBBJTNDJTJGYSUzRQ==[\/vc_raw_html][\/vc_column][\/vc_row][vc_row full_height=\u00bbyes\u00bb columns_placement=\u00bbstretch\u00bb equal_height=\u00bbyes\u00bb el_class=\u00bbtopics-row\u00bb][vc_column width=\u00bb1\/3&#8243; el_class=\u00bbcontratacion\u00bb][vc_raw_html]JTNDYSUyMGhyZWYlM0QlMjJjb250cmF0YWNpb24lMjIlMjBjbGFzcyUzRCUyMnBvc3QtY29udGVudCUyMiUzRSUwQSUzQ3NwYW4lMjBjbGFzcyUzRCUyMmljb24lMjIlM0UlM0MlMkZzcGFuJTNFJTBBJTNDaDIlMjBjbGFzcyUzRCUyMnRpdGxlJTIyJTNFQ29udHJhdGFjaSVDMyVCM24lM0MlMkZoMiUzRSUwQSUwQSUzQyUyRmElM0U=[\/vc_raw_html][\/vc_column][vc_column width=\u00bb1\/3&#8243; el_class=\u00bbservicios-sociales\u00bb][vc_raw_html]JTNDYSUyMGhyZWYlM0QlMjJzZXJ2aWNpb3Mtc29jaWFsZXMlMjIlMjBjbGFzcyUzRCUyMnBvc3QtY29udGVudCUyMiUzRSUwQSUzQ3NwYW4lMjBjbGFzcyUzRCUyMmljb24lMjIlM0UlM0MlMkZzcGFuJTNFJTBBJTNDaDIlMjBjbGFzcyUzRCUyMnRpdGxlJTIyJTNFU2VydmljaW9zJTIwU29jaWFsZXMlM0MlMkZoMiUzRSUwQSUwQSUzQyUyRmElM0U=[\/vc_raw_html][\/vc_column][vc_column width=\u00bb1\/3&#8243; el_class=\u00bbviolencia\u00bb][vc_raw_html]JTNDYSUyMGhyZWYlM0QlMjJ2aWN0aW1hcy1kZS12aW9sZW5jaWEtbWFjaGlzdGEtcmVjdXJzb3MtYWN0aXZvcyUyMiUyMGNsYXNzJTNEJTIycG9zdC1jb250ZW50JTIyJTNFJTBBJTNDc3BhbiUyMGNsYXNzJTNEJTIyaWNvbiUyMGhvcnolMjIlM0UlM0MlMkZzcGFuJTNFJTBBJTNDaDIlMjBjbGFzcyUzRCUyMnRpdGxlJTIyJTNFQXRlbmNpJUMzJUIzbiUyMGElMjB2JUMzJUFEY3RpbWFzJTIwZGUlMjBWSU9MRU5DSUElMjBNQUNISVNUQS4lM0MlMkZoMiUzRSUwQSUzQ3AlM0VSZWN1cnNvcyUyMGFjdGl2b3MlM0MlMkZwJTNFJTBBJTNDJTJGYSUzRQ==[\/vc_raw_html][\/vc_column][\/vc_row][vc_row el_class=\u00bbtopics-row\u00bb][vc_column width=\u00bb1\/3&#8243; el_class=\u00bblimpieza\u00bb][vc_raw_html]JTNDYSUyMGhyZWYlM0QlMjJsaW1waWV6YSUyMiUyMGNsYXNzJTNEJTIycG9zdC1jb250ZW50JTIyJTNFJTBBJTNDc3BhbiUyMGNsYXNzJTNEJTIyaWNvbiUyMiUzRSUzQyUyRnNwYW4lM0UlMEElM0NoMiUyMGNsYXNzJTNEJTIydGl0bGUlMjIlM0VMaW1waWV6YSUyMHklMjBEZXNpbmZlY2NpJUMzJUIzbiUzQyUyRmgyJTNFJTBBJTBBJTNDJTJGYSUzRQ==[\/vc_raw_html][\/vc_column][vc_column width=\u00bb1\/3&#8243; el_class=\u00bbcomercio\u00bb][vc_raw_html]JTNDYSUyMGhyZWYlM0QlMjJjb21lcmNpby10dXJpc21vJTIyJTIwY2xhc3MlM0QlMjJwb3N0LWNvbnRlbnQlMjIlM0UlMEElM0NzcGFuJTIwY2xhc3MlM0QlMjJpY29uJTIyJTNFJTNDJTJGc3BhbiUzRSUwQSUzQ2gyJTIwY2xhc3MlM0QlMjJ0aXRsZSUyMiUzRUNvbWVyY2lvJTJDJTIwSG9zdGVsZXIlQzMlQURhJTIweSUyMFR1cmlzbW8lM0MlMkZoMiUzRSUwQSUwQSUzQyUyRmElM0U=[\/vc_raw_html][\/vc_column][vc_column width=\u00bb1\/3&#8243; el_class=\u00bbred-solidaridad\u00bb][vc_raw_html]JTNDYSUyMGhyZWYlM0QlMjJyZWQtc29saWRhcmlkYWQlMjIlMjBjbGFzcyUzRCUyMnBvc3QtY29udGVudCUyMiUzRSUwQSUzQ3NwYW4lMjBjbGFzcyUzRCUyMmljb24lMjBob3J6JTIyJTNFJTNDJTJGc3BhbiUzRSUwQSUzQ2gyJTIwY2xhc3MlM0QlMjJ0aXRsZSUyMiUzRVJlZCUyMGRlJTIwU29saWRhcmlkYWQlMjBPcmdhbml6YWRhJTNDJTJGaDIlM0UlMEElMEElM0MlMkZhJTNF[\/vc_raw_html][\/vc_column][\/vc_row][vc_row el_class=\u00bbtopics-row\u00bb][vc_column width=\u00bb1\/3&#8243; el_class=\u00bbsalud-laboral\u00bb][vc_raw_html]JTNDYSUyMGhyZWYlM0QlMjJzYWx1ZC1sYWJvcmFsJTIyJTIwY2xhc3MlM0QlMjJwb3N0LWNvbnRlbnQlMjIlM0UlMEElM0NzcGFuJTIwY2xhc3MlM0QlMjJpY29uJTIwaG9yeiUyMiUzRSUzQyUyRnNwYW4lM0UlMEElM0NoMiUyMGNsYXNzJTNEJTIydGl0bGUlMjIlM0VQcmV2ZW5jaSVDMyVCM24lMjB5JTIwU2FsdWQlMjBMYWJvcmFsJTNDJTJGaDIlM0UlMEElMEElM0MlMkZhJTNF[\/vc_raw_html][\/vc_column][vc_column width=\u00bb1\/3&#8243; el_class=\u00bbsesiones-telematicas\u00bb][vc_raw_html]JTNDYSUyMGhyZWYlM0QlMjJzZXNpb25lcy10ZWxlbWF0aWNhcyUyMiUyMGNsYXNzJTNEJTIycG9zdC1jb250ZW50JTIyJTNFJTBBJTNDc3BhbiUyMGNsYXNzJTNEJTIyaWNvbiUyMiUzRSUzQyUyRnNwYW4lM0UlMEElM0NoMiUyMGNsYXNzJTNEJTIydGl0bGUlMjIlM0VTZXNpb25lcyUyMFRlbGVtJUMzJUExdGljYXMuJTIwUGxlbm9zJTIweSUyMCVDMyVCM3JnYW5vcyUyMGRlJTIwZ29iaWVybm8lM0MlMkZoMiUzRSUwQSUwQSUzQyUyRmElM0U=[\/vc_raw_html][\/vc_column][vc_column width=\u00bb1\/3&#8243; el_class=\u00bbtransporte\u00bb][vc_raw_html]JTNDYSUyMGhyZWYlM0QlMjJ0cmFuc3BvcnRlJTIyJTIwY2xhc3MlM0QlMjJwb3N0LWNvbnRlbnQlMjIlM0UlMEElM0NzcGFuJTIwY2xhc3MlM0QlMjJpY29uJTIyJTNFJTNDJTJGc3BhbiUzRSUwQSUzQ2gyJTIwY2xhc3MlM0QlMjJ0aXRsZSUyMiUzRVRyYW5zcG9ydGUlM0MlMkZoMiUzRSUwQSUwQSUzQyUyRmElM0U=[\/vc_raw_html][\/vc_column][\/vc_row]<\/p>","protected":false},"excerpt":{"rendered":"<p>[vc_row css=\u00bb.vc_custom_1586356593554{padding-top: 36px !important;padding-right: 36px !important;padding-left: 36px !important;background-color: #003f81 !important;}\u00bb el_class=\u00bbmain-banner\u00bb][vc_column][vc_column_text css=\u00bb.vc_custom_1589965925603{background-color: #003f81 !important;}\u00bb]EUDEL recopila en esta p\u00e1gina web toda la informaci\u00f3n de inter\u00e9s para los Municipios Vascos ante la COVID-19.[\/vc_column_text][\/vc_column][\/vc_row][vc_row gap=\u00bb30&#8243; full_height=\u00bbyes\u00bb columns_placement=\u00bbstretch\u00bb content_placement=\u00bbtop\u00bb el_class=\u00bbtopics-row\u00bb][vc_column width=\u00bb1\/3&#8243; el_class=\u00bbproteccion1&#8243;][vc_raw_html]JTNDYSUyMGhyZWYlM0QlMjJkZXNlc2NhbGFkYSUyMiUyMGNsYXNzJTNEJTIycG9zdC1jb250ZW50JTIyJTNFJTBBJTNDc3BhbiUyMGNsYXNzJTNEJTIyaWNvbiUyMiUzRSUzQyUyRnNwYW4lM0UlMEElM0NoMiUyMGNsYXNzJTNEJTIydGl0bGUlMjIlM0VOVUVWQSUyME5PUk1BTElEQUQlMEElMEFSZWNvbWVuZGFjaW9uZXMlMjB5JTJGbyUyMGRpcmVjdHJpY2VzJTIwcGFyYSUyMGNhZGElMjBhY3RpdmlkYWQlMjBvJTIwJUMzJUExbWJpdG8lMEElM0MlMkZoMiUzRSUwQSUwQSUzQyUyRmElM0U=[\/vc_raw_html][\/vc_column][vc_column width=\u00bb2\/3&#8243; el_class=\u00bbproteccion\u00bb][vc_raw_html]JTNDYSUyMGhyZWYlM0QlMjJodHRwcyUzQSUyRiUyRnd3dy5ldWRlbC5ldXMlMkZkZXN0YWNhZG9zJTJGY292aWQxOSUyRmFwb3lvLXByb3RlY2Npb24lMkYlMjIlMjBjbGFzcyUzRCUyMnBvc3QtY29udGVudCUyMiUzRSUwQSUzQ3NwYW4lMjBjbGFzcyUzRCUyMmljb24lMjIlM0UlM0MlMkZzcGFuJTNFJTNDaDIlMjBjbGFzcyUzRCUyMnRpdGxlJTIyJTNFRVVERUwlM0ElMjBBcG95byUyMGVuJTIwUHJvdGVjY2klQzMlQjNuJTIweSUyMENvbnRpbmdlbmNpYSUzQyUyRmgyJTNFJTBBJTNDcCUzRURvbmFjaSVDMyVCM24lMjBkZSUyMG1hc2NhcmlsbGFzJTIwYSUyMGxvcyUyMGF5dW50YW1pZW50b3MlMjAlMkYlMkYlMjAlMEFTdW1pbmlzdHJvJTIwZGUlMjBFUElzJTIweSUyMFRlc3QlMjBhJTIwY29sZWN0aXZvcyUyMGVzZW5jaWFsZXMlMjAlMjhjb2xhYm9yYWNpJUMzJUIzbiUyMEdvYmllcm5vJTIwVmFzY28lMjklM0MlMkZwJTNFJTBBJTBBJTNDJTJGYSUzRQ==[\/vc_raw_html][\/vc_column][\/vc_row][vc_row gap=\u00bb30&#8243; full_height=\u00bbyes\u00bb columns_placement=\u00bbstretch\u00bb content_placement=\u00bbtop\u00bb el_class=\u00bbtopics-row\u00bb][vc_column width=\u00bb1\/3&#8243; el_class=\u00bbverano\u00bb][vc_raw_html]JTNDYSUyMGhyZWYlM0QlMjJodHRwcyUzQSUyRiUyRm5vdGljaWFzLmV1ZGVsLmV1cyUyRm5vdGljaWElMkZyZWNvbWVuZGFjaW9uZXMtYWN0dWFsaXphZGFzLXBhcmEtZXZlbnRvcy15LXRvZG8tdGlwby1kZS1hY3RpdmlkYWRlcy1lbi1sb3MtbXVuaWNpcGlvcy12YXNjb3MtYWN1ZXJkby1jb21pc2lvbi1lamVjdXRpdmEtMTEtMDYtMjAyMCUyRiUyMiUyMGNsYXNzJTNEJTIycG9zdC1jb250ZW50JTIyJTNFJTNDc3BhbiUyMGNsYXNzJTNEJTIyaWNvbiUyMiUzRSUzQyUyRnNwYW4lM0UlMEElM0NoMiUyMGNsYXNzJTNEJTIydGl0bGUlMjIlM0VTVVNQRU5ESURBUyUyMFJlY29tZW5kYWNpb25lcyUyMEVVREVMJTIwJUUyJTgwJTlDRVZFTlRPUyUyMERFJTIwVkVSQU5PJUUyJTgwJTlEJTIwJTNDJTJGaDIlM0UlMEElM0NwJTNFJTI4QWN1ZXJkbyUyMDExJTJGMDYlMkYyMDIwJTI5JTNDJTJGcCUzRSUwQSUwQSUzQyUyRmElM0U=[\/vc_raw_html][\/vc_column][vc_column width=\u00bb1\/3&#8243; el_class=\u00bbnormativa\u00bb][vc_raw_html]JTNDYSUyMGhyZWYlM0QlMjJodHRwcyUzQSUyRiUyRnd3dy5ldWRlbC5ldXMlMkZkZXN0YWNhZG9zJTJGY292aWQxOSUyRm5vcm1hdGl2YSUyRiUyMiUyMGNsYXNzJTNEJTIycG9zdC1jb250ZW50JTIyJTNFJTBBJTNDc3BhbiUyMGNsYXNzJTNEJTIyaWNvbiUyMiUzRSUzQyUyRnNwYW4lM0UlMEElM0NoMiUyMGNsYXNzJTNEJTIydGl0bGUlMjIlM0VOb3JtYXRpdmElM0MlMkZoMiUzRSUwQSUwQSUzQyUyRmElM0U=[\/vc_raw_html][\/vc_column][vc_column width=\u00bb1\/3&#8243; el_class=\u00bbayudas\u00bb][vc_raw_html]JTNDYSUyMGhyZWYlM0QlMjJheXVkYXMteS1tZWRpZGFzLWVjb25vbWljYXMlMjIlMjBjbGFzcyUzRCUyMnBvc3QtY29udGVudCUyMiUzRSUwQSUzQ3NwYW4lMjBjbGFzcyUzRCUyMmljb24lMjIlM0UlM0MlMkZzcGFuJTNFJTBBJTNDaDIlMjBjbGFzcyUzRCUyMnRpdGxlJTIyJTNFQXl1ZGFzJTIweSUyMFN1YnZlbmNpb25lcyUzQyUyRmgyJTNFJTBBJTBBJTNDJTJGYSUzRQ==[\/vc_raw_html][\/vc_column][\/vc_row][vc_row full_height=\u00bbyes\u00bb columns_placement=\u00bbstretch\u00bb equal_height=\u00bbyes\u00bb el_class=\u00bbtopics-row\u00bb][vc_column<\/p>\n","protected":false},"author":1,"featured_media":0,"parent":0,"menu_order":0,"comment_status":"closed","ping_status":"closed","template":"page-blocks.php","meta":{"footnotes":""},"_links":{"self":[{"href":"https:\/\/www.eudel.eus\/destacados\/covid19\/wp-json\/wp\/v2\/pages\/177"}],"collection":[{"href":"https:\/\/www.eudel.eus\/destacados\/covid19\/wp-json\/wp\/v2\/pages"}],"about":[{"href":"https:\/\/www.eudel.eus\/destacados\/covid19\/wp-json\/wp\/v2\/types\/page"}],"author":[{"embeddable":true,"href":"https:\/\/www.eudel.eus\/destacados\/covid19\/wp-json\/wp\/v2\/users\/1"}],"replies":[{"embeddable":true,"href":"https:\/\/www.eudel.eus\/destacados\/covid19\/wp-json\/wp\/v2\/comments?post=177"}],"version-history":[{"count":116,"href":"https:\/\/www.eudel.eus\/destacados\/covid19\/wp-json\/wp\/v2\/pages\/177\/revisions"}],"predecessor-version":[{"id":807,"href":"https:\/\/www.eudel.eus\/destacados\/covid19\/wp-json\/wp\/v2\/pages\/177\/revisions\/807"}],"wp:attachment":[{"href":"https:\/\/www.eudel.eus\/destacados\/covid19\/wp-json\/wp\/v2\/media?parent=177"}],"curies":[{"name":"wp","href":"https:\/\/api.w.org\/{rel}","templated":true}]}}