{"id":130,"date":"2020-03-24T14:49:37","date_gmt":"2020-03-24T14:49:37","guid":{"rendered":"https:\/\/www.eudel.eus\/destacados\/covid19\/?page_id=130"},"modified":"2020-04-23T14:59:25","modified_gmt":"2020-04-23T12:59:25","slug":"servicios-sociales","status":"publish","type":"page","link":"https:\/\/www.eudel.eus\/destacados\/covid19\/servicios-sociales\/","title":{"rendered":"Servicios Sociales"},"content":{"rendered":"<p>[vc_row][vc_column 0=\u00bb\u00bb][vc_column_text]<\/p>\n<h1>Servicios Sociales<\/h1>\n<p>Documentos de referencia para el personal pol\u00edtico y t\u00e9cnico. Recomendaciones y\/o propuestas de actuaciones en el \u00e1mbito de los servicios sociales de competencia municipal.<\/p>\n<p>*<a href=\"https:\/\/noticias.eudel.eus\/wp-content\/uploads\/2020\/03\/RECOMENDACIONES_AMBITOMUNICIPAL_SaludOsakidetza_CAS.pdf\"><strong>Primeras RECOMENDACIONES GENERALES\u00a0PARA EL \u00c1MBITO MUNICIPAL<\/strong><\/a><strong><u> (11\/03\/20)<\/u><\/strong><\/p>\n<p>El 11\/03\/20 se trasladaron desde EUDEL a los ayuntamientos las primeras recomendaciones del Departamento de Salud y Osakidetza, dirigidas en especial a los colectivos esenciales de Servicios Sociales, SAD, centros residenciales y de d\u00eda, Polic\u00edas Locales y Bomberos, personal de polideportivos e instalaciones culturales municipales, etc.<\/p>\n<p>Las recomendaciones y pautas de actuaci\u00f3n para los diversos servicios y colectivos se siguen actualizando. VER \u00daLTIMOS DOCUMENTOS:<\/p>\n<p>[\/vc_column_text][\/vc_column][\/vc_row][vc_row 0=\u00bb\u00bb][vc_column][vc_column_text 0=\u00bb\u00bb]<\/p>\n<h2>Servicio de Ayuda a Domicilio (SAD)<\/h2>\n<p>[\/vc_column_text][vc_column_text 0=\u00bb\u00bb]<\/p>\n<p><a href=\"https:\/\/noticias.eudel.eus\/wp-content\/uploads\/2020\/03\/RECOMENDACIONES-DEL-DEPARTAMENTO-DE-SALUD-Y-OSAKIDETZA-SAD.pdf\"><strong>Recomendaciones para las AUXILIARES DE AYUDA A DOMICILIO <\/strong><\/a><em>(Gobierno Vasco, 23\/03\/20)<\/em><\/p>\n<ul>\n<li><a href=\"https:\/\/noticias.eudel.eus\/wp-content\/uploads\/2020\/03\/RESUMEN-DE-MEDIDAS-A-ADOPTAR-EN-SAD.pdf\"><strong>Anexo: Resumen de medidas a adoptar en el SAD<\/strong><\/a><\/li>\n<li><strong>V\u00cdDEOS de ayuda<\/strong> personal de Atenci\u00f3n Domiciliaria.\u00a0<a href=\"https:\/\/wetransfer.com\/downloads\/1d04f25268db0efb25d4d49fc76c56e220200317130524\/66d304f4155731eaa66d508d30f5a04c20200317130524\/0b52b9\">Enlace de descarga<\/a><\/li>\n<\/ul>\n<p><a href=\"https:\/\/noticias.eudel.eus\/wp-content\/uploads\/2020\/03\/1_ELZeguneratua_SADactualizado.pdf\"><strong>Recomendaciones de actuaci\u00f3n para los servicios de atenci\u00f3n domiciliaria<\/strong><\/a>\u00a0 <em>(version 2, 18\/03\/20. Secretaria de Estado y Derechos Sociales)<\/em><\/p>\n<p>[\/vc_column_text][\/vc_column][\/vc_row][vc_row css=\u00bb.vc_custom_1587035734484{background-color: #eaeaea !important;}\u00bb][vc_column][vc_column_text 0=\u00bb\u00bb]<\/p>\n<h2>Servicios de Atenci\u00f3n Primaria<\/h2>\n<p>[\/vc_column_text][vc_column_text 0=\u00bb\u00bb]<\/p>\n<p>Documento t\u00e9cnico de recomendaciones para<u> responsables pol\u00edticos y personal directivo<\/u> de los servicios sociales de atenci\u00f3n primaria. Elaborado por la Secretar\u00eda de Estado de Derechos Sociales. El documento engloba <strong>recomendaciones generales<\/strong> <strong>a los<\/strong> <strong>servicios sociales y a los profesionales de atenci\u00f3n primaria,<\/strong> servicios a los que se les ha otorgado la consideraci\u00f3n de <u>servicios esenciales.<\/u><\/p>\n<p><a href=\"https:\/\/noticias.eudel.eus\/wp-content\/uploads\/2020\/04\/RECOMENDACIONES-SERVICIOS-SOCIALES-ATENCI%C3%93N-PRIMARIA-v1.pdf\"><strong>DOCUMENTO ATENCION PRIMARIA<\/strong><\/a> (07\/04\/20)<\/p>\n<ul>\n<li><a href=\"https:\/\/noticias.eudel.eus\/wp-content\/uploads\/2020\/04\/RESUMEN-temas_destacados.pdf\">Resumen de EUDEL<\/a> (cuestiones m\u00e1s relevantes)<\/li>\n<\/ul>\n<p>[\/vc_column_text][\/vc_column][\/vc_row][vc_row][vc_column][vc_column_text]<\/p>\n<h2>Programa ADI-Ayuda psicol\u00f3gica<\/h2>\n<p>[\/vc_column_text][vc_column_text]El <strong><u>programa ADI,<\/u><\/strong> puesto en marcha por el Gobierno Vasco, busca responder a las <strong>necesidades de apoyo psicol\u00f3gico de personas que debido al estado de confinamiento y alarma y las dificultades para adaptarse al mismo, han visto acentuado su malestar emocional<\/strong>, desencaden\u00e1ndose o agrav\u00e1ndose problemas psicol\u00f3gicos previos.<\/p>\n<p>ADI se dirige a personas usuarias del servicio de teleasistencia Beti ON, del programa Guztion Artean y de programas de acompa\u00f1amiento dirigidos a personas mayores. Entendiendo que puede resultar \u00fatil a otras personas en situaci\u00f3n de vulnerabilidad, <strong>est\u00e1 abierto a derivaciones por parte de las administraciones p\u00fablicas<\/strong> y de las entidades del tercer sector social del \u00e1mbito de la exclusi\u00f3n.<\/p>\n<p><u>VER FICHA T\u00c9CNICA<\/u>[\/vc_column_text][\/vc_column][\/vc_row][vc_row 0=\u00bb\u00bb css=\u00bb.vc_custom_1587646597389{background-color: #eaeaeaea !important;}\u00bb][vc_column][vc_column_text 0=\u00bb\u00bb]<\/p>\n<h2>AES-Ayudas de Emergencia Social<\/h2>\n<p>[\/vc_column_text][vc_column_text 0=\u00bb\u00bb]<\/p>\n<p><a href=\"https:\/\/noticias.eudel.eus\/noticia\/circular-2020-03-25-direccion-ss\/\">Incremento de 16 millones en el presupuesto AES en 2020<\/a><\/p>\n<p><a href=\"https:\/\/noticias.eudel.eus\/wp-content\/uploads\/2020\/03\/1-GLL-igoera-incremento-AES-2020-03-25.pdf\">Desglose por municipios <\/a><\/p>\n<p><a href=\"https:\/\/noticias.eudel.eus\/wp-content\/uploads\/2020\/03\/2-AES-GLL-kudeaketa-iradokizunak-sugerencias-de-gesti%C3%B3n-2020-03-25.pdf\">Sugerencias para GESTION DE AES (Gobierno Vasco)<\/a><\/p>\n<p>[\/vc_column_text][\/vc_column][\/vc_row][vc_row][vc_column 0=\u00bb\u00bb][vc_column_text 0=\u00bb\u00bb]<\/p>\n<h2>Centros residenciales y de d\u00eda<\/h2>\n<p>[\/vc_column_text][vc_column_text 0=\u00bb\u00bb]<\/p>\n<p><a href=\"https:\/\/noticias.eudel.eus\/wp-content\/uploads\/2020\/03\/ANEXO1_CENTROS-SOCIOSANITARIOS-recomendaciones-salud-Familias-.pdf\">Anexo I:\u00a0recomendaciones para el personal asistencial en\u00a0servicios residenciales y de d\u00eda\u00a0de titularidad municipal<\/a><\/p>\n<p style=\"padding-left: 30px;\"><a href=\"https:\/\/noticias.eudel.eus\/wp-content\/uploads\/2020\/03\/RECOMENDACIONES.pdf\">Recomendaci\u00f3n para la CLAUSURA TEMPORAL DE LOS HOGARES Y CLUBS DE PERSONAS MAYORES.<\/a><\/p>\n<p>[\/vc_column_text][\/vc_column][\/vc_row][vc_row 0=\u00bb\u00bb css=\u00bb.vc_custom_1587646621839{background-color: #eaeaeaea !important;}\u00bb][vc_column][vc_column_text 0=\u00bb\u00bb]<\/p>\n<h2>Atenci\u00f3n a PERSONAS SIN HOGAR<\/h2>\n<p>[\/vc_column_text][vc_column_text 0=\u00bb\u00bb]El Gobierno Vasco ha remitido a los Ayuntamientos, a trav\u00e9s de EUDEL, el documento elaborado por la Secretar\u00eda de Estado de Derechos Sociales sobre \u201cRecomendaciones de actuaci\u00f3n ante la crisis COVID-19 para los gestores de servicios sociales de atenci\u00f3n a personas sin hogar\u201d<\/p>\n<p><a href=\"https:\/\/noticias.eudel.eus\/wp-content\/uploads\/2020\/03\/2_Idazkia_ETXEZ_GABEKO_SIN_HOGAR_Escrito.pdf\"><strong>Recomendaciones ATENCI\u00d3N A PERSONAS SIN HOGAR<\/strong><\/a> (23\/03\/20)<\/p>\n<p>Primeras recomendaciones del Gobierno Vasco 17\/03\/20:<\/p>\n<ul>\n<li><a href=\"https:\/\/noticias.eudel.eus\/wp-content\/uploads\/2020\/03\/ETXERIK_GABEKO_PERSONAS-SIN-HOGAR.pdf\"><strong>Circular de EUDEL 17\/03\/20: \u00a0\u201cRecomendaciones para la respuesta a personas sin hogar en el contexto actual\u201d<\/strong><\/a><\/li>\n<\/ul>\n<p>[\/vc_column_text][\/vc_column][\/vc_row]<\/p>","protected":false},"excerpt":{"rendered":"<p>[vc_row][vc_column 0=\u00bb\u00bb][vc_column_text] Servicios Sociales Documentos de referencia para el personal pol\u00edtico y t\u00e9cnico. Recomendaciones y\/o propuestas de actuaciones en el \u00e1mbito de los servicios sociales de competencia municipal. *Primeras RECOMENDACIONES GENERALES\u00a0PARA EL \u00c1MBITO MUNICIPAL (11\/03\/20) El 11\/03\/20 se trasladaron desde EUDEL a los ayuntamientos las primeras recomendaciones del Departamento de Salud y Osakidetza, dirigidas en<\/p>\n","protected":false},"author":8,"featured_media":0,"parent":0,"menu_order":0,"comment_status":"closed","ping_status":"closed","template":"page-blocks.php","meta":{"footnotes":""},"_links":{"self":[{"href":"https:\/\/www.eudel.eus\/destacados\/covid19\/wp-json\/wp\/v2\/pages\/130"}],"collection":[{"href":"https:\/\/www.eudel.eus\/destacados\/covid19\/wp-json\/wp\/v2\/pages"}],"about":[{"href":"https:\/\/www.eudel.eus\/destacados\/covid19\/wp-json\/wp\/v2\/types\/page"}],"author":[{"embeddable":true,"href":"https:\/\/www.eudel.eus\/destacados\/covid19\/wp-json\/wp\/v2\/users\/8"}],"replies":[{"embeddable":true,"href":"https:\/\/www.eudel.eus\/destacados\/covid19\/wp-json\/wp\/v2\/comments?post=130"}],"version-history":[{"count":19,"href":"https:\/\/www.eudel.eus\/destacados\/covid19\/wp-json\/wp\/v2\/pages\/130\/revisions"}],"predecessor-version":[{"id":480,"href":"https:\/\/www.eudel.eus\/destacados\/covid19\/wp-json\/wp\/v2\/pages\/130\/revisions\/480"}],"wp:attachment":[{"href":"https:\/\/www.eudel.eus\/destacados\/covid19\/wp-json\/wp\/v2\/media?parent=130"}],"curies":[{"name":"wp","href":"https:\/\/api.w.org\/{rel}","templated":true}]}}