{"id":376,"date":"2020-04-17T12:08:36","date_gmt":"2020-04-17T10:08:36","guid":{"rendered":"https:\/\/www.eudel.eus\/destacados\/covid19\/?page_id=376"},"modified":"2020-04-23T13:54:24","modified_gmt":"2020-04-23T11:54:24","slug":"sesiones-telematicas","status":"publish","type":"page","link":"https:\/\/www.eudel.eus\/destacados\/covid19\/eu\/sesiones-telematicas\/","title":{"rendered":"Saio telematikoak"},"content":{"rendered":"<p>[vc_row][vc_column 0=&#8221;&#8221;][vc_column_text 0=&#8221;&#8221;]<\/p>\n<h1>Saio Telematikoak: Osoko Bilkurak eta Gobernu-organoak<\/h1>\n<p>[\/vc_column_text][\/vc_column][\/vc_row][vc_row 0=&#8221;&#8221;][vc_column 0=&#8221;&#8221;][vc_column_text 0=&#8221;&#8221;]Tokiko gobernu-organoen Osoko Bilkurak, Batzarrak eta beste bilera batzuk egiteko egin diren ondoz ondoko lege-aldaketen gaineko arauen aipamena.<\/p>\n<p><strong>Toki Araubidearen Oinarriei buruzko Legearen aldaketa. <\/strong><\/p>\n<p>Ministro Kontseiluaren erreferentzia (2020\/03\/31): <strong>\u201c <\/strong>Se a\u00f1ade un nuevo apartado 3 al art\u00edculo 46 de la Ley Reguladora de las Bases del R\u00e9gimen Local. La situaci\u00f3n actual ha puesto de relieve que, <u>ante situaciones de grave crisis que impidan el funcionamiento normal del r\u00e9gimen presencial de los \u00f3rganos colegiados de las entidades locales, los mismos puedan desarrollar su actividad a distancia por medios electr\u00f3nicos v\u00e1lidos<\/u>, siempre que sus miembros participantes se encuentren en territorio espa\u00f1ol y quede acreditada su identidad.\u201d<\/p>\n<p><strong><a href=\"https:\/\/www.boe.es\/buscar\/act.php?id=BOE-A-2020-4208&amp;p=20200401&amp;tn=2\">Maiatzaren 31ko 11\/2020 Errege Dekretu-legea. 2. Azken Xedapena, TAOL aldatzeari buruzkoa<\/a><\/strong><\/p>\n<p><a href=\"https:\/\/noticias.eudel.eus\/wp-content\/uploads\/2020\/03\/circular_Plenos.pdf\"><strong>EUDELen zirkularra<\/strong><\/a> <strong>eta <\/strong><a href=\"https:\/\/noticias.eudel.eus\/wp-content\/uploads\/2020\/03\/Nota_Ministerio_oharra.pdf\"><strong>Ministerioaren informazio-oharra 2020\/03\/23<\/strong><\/a><\/p>\n<p><span style=\"color: #000000;\"><strong><u>EUDELen lehen zirkularra (2020\/03\/16), ezohiko neurriak osoko bilkuretarako eta batzordeetarako:<\/u><\/strong><\/span><\/p>\n<ul>\n<li>Osoko bilkurak eta Batzordeen bilerak murriztea eta ezinbestekoak direnak baino ez egitea. Horrenbestez, osoko bilkurak eta batzordeen bilerak bakarrik egingo dira ebatsi beharreko gaiak erabakitzeko (bozkatu behar diren gauzetarako). Beraz, gainerako gaiak ez dira jorratuko.<\/li>\n<li>Batzordeen bileretara zinegotzi bakarra egongo da talde bakoitzeko, eta zinegotzien botoa talde horretako bozeramailearen edo zinegotzi arduradunaren esku utziko du.<\/li>\n<li>Pertsonen arteko distantziari eustea (metro 1 gutxienez). Horretarako, Osoko Bilkura edo Batzordea eremu zabalago batera eraman behar bada<\/li>\n<li style=\"list-style-type: none;\"><\/li>\n<\/ul>\n<p>[\/vc_column_text][\/vc_column][\/vc_row]<\/p>","protected":false},"excerpt":{"rendered":"<p>[vc_row][vc_column 0=&#8221;&#8221;][vc_column_text 0=&#8221;&#8221;] Saio Telematikoak: Osoko Bilkurak eta Gobernu-organoak [\/vc_column_text][\/vc_column][\/vc_row][vc_row 0=&#8221;&#8221;][vc_column 0=&#8221;&#8221;][vc_column_text 0=&#8221;&#8221;]Tokiko gobernu-organoen Osoko Bilkurak, Batzarrak eta beste bilera batzuk egiteko egin diren ondoz ondoko lege-aldaketen gaineko arauen aipamena. Toki Araubidearen Oinarriei buruzko Legearen aldaketa. Ministro Kontseiluaren erreferentzia (2020\/03\/31): \u201c Se a\u00f1ade un nuevo apartado 3 al art\u00edculo 46 de la Ley Reguladora de<\/p>\n","protected":false},"author":8,"featured_media":0,"parent":0,"menu_order":0,"comment_status":"closed","ping_status":"closed","template":"page-blocks.php","meta":{"footnotes":""},"_links":{"self":[{"href":"https:\/\/www.eudel.eus\/destacados\/covid19\/eu\/wp-json\/wp\/v2\/pages\/376"}],"collection":[{"href":"https:\/\/www.eudel.eus\/destacados\/covid19\/eu\/wp-json\/wp\/v2\/pages"}],"about":[{"href":"https:\/\/www.eudel.eus\/destacados\/covid19\/eu\/wp-json\/wp\/v2\/types\/page"}],"author":[{"embeddable":true,"href":"https:\/\/www.eudel.eus\/destacados\/covid19\/eu\/wp-json\/wp\/v2\/users\/8"}],"replies":[{"embeddable":true,"href":"https:\/\/www.eudel.eus\/destacados\/covid19\/eu\/wp-json\/wp\/v2\/comments?post=376"}],"version-history":[{"count":12,"href":"https:\/\/www.eudel.eus\/destacados\/covid19\/eu\/wp-json\/wp\/v2\/pages\/376\/revisions"}],"predecessor-version":[{"id":463,"href":"https:\/\/www.eudel.eus\/destacados\/covid19\/eu\/wp-json\/wp\/v2\/pages\/376\/revisions\/463"}],"wp:attachment":[{"href":"https:\/\/www.eudel.eus\/destacados\/covid19\/eu\/wp-json\/wp\/v2\/media?parent=376"}],"curies":[{"name":"wp","href":"https:\/\/api.w.org\/{rel}","templated":true}]}}