{"id":250,"date":"2023-06-15T08:04:10","date_gmt":"2023-06-15T08:04:10","guid":{"rendered":"https:\/\/www.eudel.eus\/destacados\/bridges-of-trust\/?page_id=250"},"modified":"2024-01-12T07:48:53","modified_gmt":"2024-01-12T07:48:53","slug":"inicio","status":"publish","type":"page","link":"https:\/\/www.eudel.eus\/destacados\/bridges-of-trust\/","title":{"rendered":"Inicio"},"content":{"rendered":"<p>[vc_row][vc_column][vc_images_carousel images=\u00bb261,272,273&#8243; img_size=\u00bbfull\u00bb speed=\u00bb3000&#8243; autoplay=\u00bbyes\u00bb hide_pagination_control=\u00bbyes\u00bb hide_prev_next_buttons=\u00bbyes\u00bb wrap=\u00bbyes\u00bb][\/vc_column][\/vc_row][vc_row][vc_column][vc_column_text]<strong>\u201cPUENTES DE CONFIANZA\u201d: COOPERACI\u00d3N ENTRE MUNICIPIOS DE EUSKADI Y UCRANIA PARA APOYAR LA RECONSTRUCCI\u00d3N <\/strong><\/p>\n<p><strong>Bilbao, Donostia\/San Sebasti\u00e1n y Vitoria-Gasteiz han trabajado, de manera bilateral, en proyectos conjuntos con Novomoskovsk, Kremenchuk y Nikopol respectivamente.<\/strong><\/p>\n<p><strong>Las ciudades vascas asesoraron a sus hom\u00f3logas de Ucrania en proyectos de reconstrucci\u00f3n y recuperaci\u00f3n de servicios esenciales para la ciudadan\u00eda, como el abastecimiento y saneamiento de aguas, o el desarrollo urbano y econ\u00f3mico local.<\/strong><\/p>\n<p><strong>Los equipos de trabajo se reunieron en junio de 2023, en la visita de estudio organizada por EUDEL y la Asociaci\u00f3n de Ciudades de Ucrania (AUC).<\/strong><\/p>\n<p style=\"text-align: center;\"><a href=\"https:\/\/noticias.eudel.eus\/noticia\/eudelek-eta-hiru-hiriburuek-europako-bridges-of-trust-proiektuan-parte-hartuko-dute-ukraina-berreraikitzen-laguntzeko\/\"><strong>NOTA PROYECTO \u201cBRIDGES OF TRUST\u201d<\/strong><\/a><\/p>\n<p style=\"text-align: center;\"><a href=\"https:\/\/noticias.eudel.eus\/noticia\/eudelek-euskal-hiriburuekin-lankidetza-proiektuetan-arituko-diren-ukrainako-hiru-hiriei-harrera-egin-die-bere-egoitzan\/\"><strong>NOTA VISITA DE ESTUDIO (19-23 Junio)<\/strong><\/a><\/p>\n<p>EUDEL es una de las diez asociaciones de gobiernos locales seleccionadas por el CMRE (Consejo de Municipios y Regiones de Europa) para participar en la iniciativa \u201cPuentes de Confianza\u201d (<a href=\"https:\/\/ccre.org\/fr\/actualites\/view\/4432\">Bridges of Trust<\/a> ) que ayudar\u00e1 a reconstruir 30 municipios ucranianos gravemente da\u00f1ados durante la guerra.<\/p>\n<p>Avalada por la Comisi\u00f3n Europea, esta experiencia de cooperaci\u00f3n internacional tiene un enfoque innovador y cuenta con el apoyo, adem\u00e1s del CMRE, de la Asociaci\u00f3n de Ciudades de Ucrania (AUC) y el programa europeo <a href=\"https:\/\/u-lead.org.ua\/en\">U-Lead<\/a> (Ucrania -Empoderamiento local, Fiscalidad y Desarrollo).<\/p>\n<p>Los t\u00e9rminos de la participaci\u00f3n de los Municipios Vascos en dicha iniciativa se establecen en el \u201cMemorandum de entendimiento\u201d suscrito en marzo de 2023 por el presidente de EUDEL y el Secretario General del CMRE.<\/p>\n<p>Junto a la reconstrucci\u00f3n, la iniciativa PUENTES DE CONFIANZA busca fortalecer las <strong>capacidades de los gobiernos locales<\/strong> ucranianos para la cooperaci\u00f3n internacional y la integraci\u00f3n europea, compartiendo experiencias e historias de apoyo a trav\u00e9s de la acci\u00f3n local.<\/p>\n<p><strong>\u201cMatching\u201d entre ciudades<\/strong><\/p>\n<p>El 15 de febrero de 2023, \u201cPuentes de Confianza\u201d inici\u00f3 su recorrido con un evento h\u00edbrido en Bruselas.\u00a0Hasta septiembre de 2023, 10 asociaciones de autoridades locales y regionales de la UE facilitar\u00e1n <strong>30 partenariados municipales <\/strong>para la reconstrucci\u00f3n de Ucrania.<\/p>\n<p>En el caso de la Asociaci\u00f3n de Municipios Vascos, el CMRE ha favorecido el intercambio con su hom\u00f3loga (AUC) para impulsar 3 partenariados Euskadi-Ucrania:<\/p>\n<ul>\n<li><strong>Bilbao &#8211; Novomoskovsk (en la regi\u00f3n de Dnipro).<\/strong><\/li>\n<li><strong>Donostia\/San Sebasti\u00e1n &#8211; Kremenchuk (en la regi\u00f3n de Poltava).<\/strong><\/li>\n<li><strong>Vitoria-Gasteiz &#8211; Nikopol (en la regi\u00f3n de Dnipro).<\/strong><\/li>\n<\/ul>\n<p><strong>Resultados esperados:<\/strong><\/p>\n<ul>\n<li>Conocimiento del <strong>sistema de gobierno local<\/strong> de Euskadi, colaboraci\u00f3n multinivel y posible aplicaci\u00f3n de las mejores pr\u00e1cticas en Ucrania;<\/li>\n<li>Mayor conciencia y capacidad para la cooperaci\u00f3n intermunicipal entre los funcionarios del gobierno local de Ucrania<\/li>\n<li>Mejora de habilidades y conocimientos en la <strong>planificaci\u00f3n y desarrollo de proyectos<\/strong>, con un enfoque en proyectos de reconstrucci\u00f3n para los municipios de Ucrania<\/li>\n<li><strong>Fortalecimiento de asociaciones y relaciones<\/strong> entre los gobiernos locales de Ucrania y Euskadi sobre la base de experiencias compartidas y lecciones aprendidas;<\/li>\n<li>Desarrollo de <strong>ideas y planes concretos para proyectos de reconstrucci\u00f3n<\/strong> conjuntos entre los municipios de Ucrania y (nombre del pa\u00eds) con posible presentaci\u00f3n futura de proyectos para financiaci\u00f3n a nivel auton\u00f3mico, estatal y europeo.<\/li>\n<\/ul>\n<p><strong>Visitas de estudio y encuentros entre representantes locales<\/strong><\/p>\n<p>Como hito del programa, se posibilit\u00f3 una visita de estudio de los tres municipios ucranianos a las tres capitales vascas para conocer insitu sus experiencias de \u00e9xito y buenas pr\u00e1cticas, que podr\u00edan ser de aplicaci\u00f3n a la reconstrucci\u00f3n de Ucrania.<\/p>\n<p>Dicha visita, celebrada del 19 al 23 de junio, sirvi\u00f3 de oportunidad para mantener encuentros presenciales entre las y los representantes locales y estrechar los lazos de solidaridad y apoyo entre de Euskadi y Ucrania.<\/p>\n<p>En el mes de abril se celebraron varias reuniones telem\u00e1ticas para concretar los temas y \u00e1mbitos para el dise\u00f1o conjunto de proyectos de cooperaci\u00f3n entre ciudades.<\/p>\n<p><strong>\u00c1mbitos de cooperaci\u00f3n<\/strong><\/p>\n<p>Cada uno de los partenariados desarrollar\u00e1 una tem\u00e1tica de colaboraci\u00f3n:<\/p>\n<p>El <strong>partenariado Bilbao- Novomoskovsk<\/strong> trabaj\u00f3 en torno al abastecimiento y saneamiento de aguas, apoy\u00e1ndose en la experiencia del Consorcio de Aguas Bilbao Bizkaia.<\/p>\n<p><strong>Donostia\/San Sebasti\u00e1n y Kremenchuk<\/strong> colabor\u00f3 en el desarrollo de las capacidades, herramientas y procesos necesarios para la captaci\u00f3n y la gesti\u00f3n de fondos europeos orientados a la reconstrucci\u00f3n y modernizaci\u00f3n de la ciudad, y en el dise\u00f1o y gesti\u00f3n de proyectos de transformaci\u00f3n urbana.<\/p>\n<p><strong>Vitoria-Gasteiz y Nikopol<\/strong> orient\u00f3 su colaboraci\u00f3n al \u00e1mbito de la sostenibilidad, en \u00e1mbitos como la eficiencia energ\u00e9tica, la infraestructura verde urbana y la gesti\u00f3n de residuos, as\u00ed como en la planificaci\u00f3n municipal en materia de desarrollo sostenible.<\/p>\n<p>M\u00c1S INFORMACI\u00d3N: <a href=\"https:\/\/ccre.org\/activites\/view\/45\">Informaci\u00f3n sobre el Programa Puentes de Confianza<\/a>[\/vc_column_text][\/vc_column][\/vc_row]<\/p>","protected":false},"excerpt":{"rendered":"<p>[vc_row][vc_column][vc_images_carousel images=\u00bb261,272,273&#8243; img_size=\u00bbfull\u00bb speed=\u00bb3000&#8243; autoplay=\u00bbyes\u00bb hide_pagination_control=\u00bbyes\u00bb hide_prev_next_buttons=\u00bbyes\u00bb wrap=\u00bbyes\u00bb][\/vc_column][\/vc_row][vc_row][vc_column][vc_column_text]\u201cPUENTES DE CONFIANZA\u201d: COOPERACI\u00d3N ENTRE MUNICIPIOS DE EUSKADI Y UCRANIA PARA APOYAR LA RECONSTRUCCI\u00d3N Bilbao, Donostia\/San Sebasti\u00e1n y Vitoria-Gasteiz han trabajado, de manera bilateral, en proyectos conjuntos con Novomoskovsk, Kremenchuk y Nikopol respectivamente. Las ciudades vascas asesoraron a sus hom\u00f3logas de Ucrania en proyectos de reconstrucci\u00f3n y recuperaci\u00f3n<\/p>\n","protected":false},"author":8,"featured_media":0,"parent":0,"menu_order":0,"comment_status":"closed","ping_status":"closed","template":"page-blocks.php","meta":{"footnotes":""},"_links":{"self":[{"href":"https:\/\/www.eudel.eus\/destacados\/bridges-of-trust\/wp-json\/wp\/v2\/pages\/250"}],"collection":[{"href":"https:\/\/www.eudel.eus\/destacados\/bridges-of-trust\/wp-json\/wp\/v2\/pages"}],"about":[{"href":"https:\/\/www.eudel.eus\/destacados\/bridges-of-trust\/wp-json\/wp\/v2\/types\/page"}],"author":[{"embeddable":true,"href":"https:\/\/www.eudel.eus\/destacados\/bridges-of-trust\/wp-json\/wp\/v2\/users\/8"}],"replies":[{"embeddable":true,"href":"https:\/\/www.eudel.eus\/destacados\/bridges-of-trust\/wp-json\/wp\/v2\/comments?post=250"}],"version-history":[{"count":27,"href":"https:\/\/www.eudel.eus\/destacados\/bridges-of-trust\/wp-json\/wp\/v2\/pages\/250\/revisions"}],"predecessor-version":[{"id":291,"href":"https:\/\/www.eudel.eus\/destacados\/bridges-of-trust\/wp-json\/wp\/v2\/pages\/250\/revisions\/291"}],"wp:attachment":[{"href":"https:\/\/www.eudel.eus\/destacados\/bridges-of-trust\/wp-json\/wp\/v2\/media?parent=250"}],"curies":[{"name":"wp","href":"https:\/\/api.w.org\/{rel}","templated":true}]}}